{"id":285,"date":"2020-03-13T12:00:17","date_gmt":"2020-03-13T12:00:17","guid":{"rendered":"http:\/\/www.virtusadvocats.com\/?page_id=285"},"modified":"2020-05-04T09:07:18","modified_gmt":"2020-05-04T09:07:18","slug":"avis-legal","status":"publish","type":"page","link":"https:\/\/www.virtusadvocats.com\/en\/legal-notice\/","title":{"rendered":"Disclaimer"},"content":{"rendered":"<div class=\"wpb-content-wrapper\"><div data-parent=\"true\" class=\"vc_row row-container\" id=\"row-unique-0\"><div class=\"row-background background-element\">\n\t\t\t\t\t\t\t\t\t\t\t<div class=\"background-wrapper\">\n\t\t\t\t\t\t\t\t\t\t\t\t<div class=\"background-inner\" style=\"background-image: url(https:\/\/www.virtusadvocats.com\/wp-content\/uploads\/2020\/03\/virtus-familia.png);background-repeat: no-repeat;background-position: center center;background-attachment: scroll;background-size: cover;\"><\/div>\n\t\t\t\t\t\t\t\t\t\t\t\t<div class=\"block-bg-overlay style-color-627511-bg\" style=\"opacity: 0.1;\"><\/div>\n\t\t\t\t\t\t\t\t\t\t\t<\/div>\n\t\t\t\t\t\t\t\t\t\t<\/div><div class=\"row limit-width row-parent\" data-minheight=\"353\"><div class=\"wpb_row row-inner\"><div class=\"wpb_column pos-middle pos-center align_center column_parent col-lg-12 single-internal-gutter\"><div class=\"uncol style-spec style-dark\"  ><div class=\"uncoltable\"><div class=\"uncell no-block-padding\" ><div class=\"uncont\" ><div class=\"vc_custom_heading_wrap\"><div class=\"heading-text el-text\" ><\/p>\n<div class=\"servei_sup\">\n<h1>Disclaimer<\/h1>\n<\/div>\n<p>\n<\/div><div class=\"clear\"><\/div><\/div><\/div><\/div><\/div><\/div><\/div><script id=\"script-row-unique-0\" data-row=\"script-row-unique-0\" type=\"text\/javascript\" class=\"vc_controls\">UNCODE.initRow(document.getElementById(\"row-unique-0\"));<\/script><\/div><\/div><\/div><div data-parent=\"true\" class=\"vc_row row-container\" id=\"row-unique-1\"><div class=\"row limit-width row-parent\"><div class=\"wpb_row row-inner\"><div class=\"wpb_column pos-top pos-center align_left column_parent col-lg-12 single-internal-gutter\"><div class=\"uncol style-light\"  ><div class=\"uncoltable\"><div class=\"uncell no-block-padding\" ><div class=\"uncont\" ><div class=\"vc_row row-internal row-container\"><div class=\"row row-child\"><div class=\"wpb_row row-inner\"><div class=\"wpb_column pos-top pos-center align_left column_child col-lg-12 single-internal-gutter\"><div class=\"uncol style-light\" ><div class=\"uncoltable\"><div class=\"uncell no-block-padding\" ><div class=\"uncont\" ><div class=\"uncode_text_column\" ><\/p>\n<div class=\"container mt-5 mb-5\">\n<div class=\"row\">\n<div class=\"col-md-12\">\n<h1 class=\"mb-3\" style=\"text-align: justify;\">Disclaimer<\/h1>\n<p class=\"servei02\" style=\"text-align: justify;\">Virtusadvocats is an Internet domain owned by TAX &amp; LEGAL CONSULTING, Ltd., located in 18, Bonaventura Riberaygua street, Fl 1 Rm 1, Andorra la Vella, phone number (+376) 70 70 10, and email address virtus@virtusadvocats.com.<\/p>\n<h3 style=\"text-align: justify;\"><\/h3>\n<h3 style=\"text-align: justify;\">VIRTUS ADVOCATS\u2019 WEBSITE TERMS OF USE<\/h3>\n<p class=\"servei02\" style=\"text-align: justify;\">This website is owned by TAX &amp; LEGAL CONSULTING, Ltd. Its usage is subject to the following terms of use, so kindly read them thoroughly. Accessing the website and using its containing materials implies you have read and accepted these conditions without any reservations. Eventually, the use of some of the sections or services in this website may be subject to special terms of use. Such is the case of our online service, the terms of use of which appear in its login pages. Kindly read the aforementioned terms thoroughly. The use of those services implies the acceptance of their applicable particular terms.<\/p>\n<h3 style=\"text-align: justify;\"><\/h3>\n<h3 style=\"text-align: justify;\">Terms of use<\/h3>\n<p class=\"servei02\" style=\"text-align: justify;\">This website contains materials prepared by Virtus Advocats for information purposes only. Users must consider that they might not reflect the latest legal or jurisprudential status about the analyzed issues. These materials might as well be modified, developed or updated without prior notice. The materials contained in this website cannot be considered, in no way whatsoever, substitutes to legal advice or any kind of advice. The access to these materials is not intended to constitute nor imply any relationship between lawyer and client, or any other sort of trust or professional relationship between Virtus Advocats and the users of this website. Therefore, users must not act on the basis of the information contained in it without previously seeking professional advice. At the same time, users must not send Virtus Advocats any sorts of confidential information without having previously consulted some of our lawyers and having been authorized by them to send such information. The links on this website might take users to external websites and third-party websites, over which Virtus Advocats does not exercise any control or has any responsibilities whatsoever. Virtus Advocats does not take any responsibilities for the contents or the status of such websites, and the access to them through this website does not imply Virtus Advocats\u2019 recommendation or approval of their contents.<\/p>\n<h3 style=\"text-align: justify;\"><\/h3>\n<h3 style=\"text-align: justify;\">Limitation of liability<\/h3>\n<p class=\"servei02\" style=\"text-align: justify;\">This website contains materials prepared by Virtus Advocats for information purposes only. Users must consider that they might not reflect the latest legal or jurisprudential status about the analyzed issues. These materials might as well be modified, developed or updated without prior notice. The materials contained in this website cannot be considered, in no way whatsoever, substitutes to legal advice or any kind of advice. The access to these materials is not intended to constitute nor imply any relationship between lawyer and client, or any other sort of trust or professional relationship between Virtus Advocats and the users of this website. Therefore, users must not act on the basis of the information contained in it without previously seeking professional advice. At the same time, users must not send Virtus Advocats any sorts of confidential information without having previously consulted some of our lawyers and having been authorized by them to send such information. The links on this website might take users to external websites and third-party websites, over which Virtus Advocats does not exercise any control or has any responsibilities whatsoever. Virtus Advocats does not take any responsibilities for the contents or the status of such websites, and the access to them through this website does not imply Virtus Advocats\u2019 recommendation or approval of their contents.<\/p>\n<h3 style=\"text-align: justify;\"><\/h3>\n<h3 style=\"text-align: justify;\">Data protection<\/h3>\n<p class=\"servei02\" style=\"text-align: justify;\">The information received by Virtus Advocats from users of this website through online queries or forms shall be treated with strict confidentiality. In the case of online queries, such information shall only be used to answer the questions posed by the user, and for no other purpose. Some of the services provided on this website require personal data. Virtus Advocats need the user to provide certain information, necessary for lending such services. During the data collection process, the user will be informed about its necessary nature. These services shall not be provided without the aforementioned compulsory information. Regarding the data requested in the manner explained in the foregoing lines, users can make use of the rights enshrined in the law and, in particular, the rights to access, rectification or cancellation and objection of data, if considered relevant, as well as the right to revoke consent agreements to assigning their data. These rights can be exercised by users or their representatives by means of a signed written request, sent by email to virtus@virtusadvocats.com or by regular mail to the following address: 18, Bonaventura Riberaygua street, Fl 1 Rm 1, Andorra la Vella, postcode AD500. Such request must contain the following information: user\u2019s full name, address for notification purposes, a photocopy of the user's identity card or passport and specific content of the right to be exercised. Virtus Advocats shall keep the requested personal data and take any necessary measures to prevent any unauthorized alteration, loss, processing or access. Virtus Advocats shall perform their duty in compliance with the relevant regulation.<\/p>\n<h3 style=\"text-align: justify;\"><\/h3>\n<h3 style=\"text-align: justify;\">Copyright \u00a9 2018 Tax &amp; Legal Consulting, Ltd All rights reserved<\/h3>\n<p class=\"servei02\" style=\"text-align: justify;\">The entire contents of this website, either texts, pictures, sounds, files, brands, trademarks, color combinations or any other elements, as well as its structure and design, the selection and presentation of its materials and the software required for its proper performance, access and usage, are protected by industrial and intellectual property rights. These are owned by Virtus Advocats or, if it comes to that, their successors, and users of this website must respect them. Even though the previous paragraphs involve general obligations for users, transforming, distributing, publicly communicating, making available to the public, reproducing (except for private use), and any other forms of use of any materials on this website are strictly prohibited. These forms of use might only be possible if it is specifically authorized by Virtus Advocats, and providing that Virtus Advocats are mentioned explicitly, as well as their intellectual property rights. It is also prohibited to decompile, disengage, perform reverse engineering, sublicense or transmit by any means, translate or produce works deriving from the software necessary for the proper performance, access and usage of this website and its services. In addition, using the entire software or a part of it for any of the aforementioned forms of use is prohibited as well. Users must at all events refrain from deleting, modifying, evading or manipulating any of the protective barriers or safety systems that might be installed in it.<\/p>\n<h3 style=\"text-align: justify;\"><\/h3>\n<h3 style=\"text-align: justify;\">Intellectual and industrial property<\/h3>\n<p class=\"servei02\" style=\"text-align: justify;\">Users can view the contents in Virtus Advocats\u2019 website for exclusively personal and private use. Users must respect at all times every intellectual and industrial property rights about the website owned by Virtus Advocats.<\/p>\n<h3 style=\"text-align: justify;\"><\/h3>\n<h3 style=\"text-align: justify;\">Applicable law and competent jurisdiction<\/h3>\n<p class=\"servei02\" style=\"text-align: justify;\">These conditions for access are subject to Andorran laws and courts.<\/p>\n<\/div>\n<\/div>\n<\/div>\n<p>\n<\/div><\/div><\/div><\/div><\/div><\/div><\/div><\/div><\/div><\/div><\/div><\/div><\/div><\/div><script id=\"script-row-unique-1\" data-row=\"script-row-unique-1\" type=\"text\/javascript\" class=\"vc_controls\">UNCODE.initRow(document.getElementById(\"row-unique-1\"));<\/script><\/div><\/div><\/div><div data-parent=\"true\" class=\"vc_row row-container\" id=\"row-unique-2\"><div class=\"row-background background-element\">\n\t\t\t\t\t\t\t\t\t\t\t<div class=\"background-wrapper\">\n\t\t\t\t\t\t\t\t\t\t\t\t<div class=\"background-inner\" style=\"background-image: url(https:\/\/www.virtusadvocats.com\/wp-content\/uploads\/2020\/03\/calltoaction.jpg);background-repeat: no-repeat;background-position: center center;background-attachment: scroll;background-size: cover;\"><\/div>\n\t\t\t\t\t\t\t\t\t\t\t\t\n\t\t\t\t\t\t\t\t\t\t\t<\/div>\n\t\t\t\t\t\t\t\t\t\t<\/div><div class=\"row limit-width row-parent\" data-minheight=\"258\"><div class=\"wpb_row row-inner\"><div class=\"wpb_column pos-middle pos-center align_center column_parent col-lg-12 single-internal-gutter\"><div class=\"uncol style-spec style-dark\"  ><div class=\"uncoltable\"><div class=\"uncell no-block-padding\" ><div class=\"uncont\" ><div class=\"vc_custom_heading_wrap\"><div class=\"heading-text el-text\" ><\/p>\n<h1>CONTACT US<\/h1>\n<p>\n<\/div><div class=\"clear\"><\/div><\/div><span class=\"btn-container\" ><a role=\"button\"  href=\"https:\/\/www.virtusadvocats.com\/en\/contacte\/\" class=\"custom-link btn btn-xl border-width-0 btn-color-627511 btn-icon-left\" title=\"Contact\"><i class=\"fa fa-envelope-o\"><\/i>ENVIA&#8217;NS LA TEVA CONSULTA<\/a><\/span><\/div><\/div><\/div><\/div><\/div><script id=\"script-row-unique-2\" data-row=\"script-row-unique-2\" type=\"text\/javascript\" class=\"vc_controls\">UNCODE.initRow(document.getElementById(\"row-unique-2\"));<\/script><\/div><\/div><\/div>\n<\/div>","protected":false},"excerpt":{"rendered":"Av\u00eds legal Av\u00eds Legal El domini virtusadvocats \u00e9s un domini d\u2019Internet de titularitat de TAX &amp; LEGAL CONSULTING, SL, amb [...]","protected":false},"author":1,"featured_media":0,"parent":0,"menu_order":0,"comment_status":"closed","ping_status":"closed","template":"","meta":{"footnotes":""},"class_list":["post-285","page","type-page","status-publish","hentry"],"yoast_head":"<!-- This site is optimized with the Yoast SEO plugin v27.4 - https:\/\/yoast.com\/product\/yoast-seo-wordpress\/ -->\n<title>Av\u00eds legal - Virtus Advocats<\/title>\n<meta name=\"robots\" content=\"index, follow, max-snippet:-1, max-image-preview:large, max-video-preview:-1\" \/>\n<link rel=\"canonical\" href=\"https:\/\/www.virtusadvocats.com\/en\/avis-legal\/\" \/>\n<meta property=\"og:locale\" content=\"en_GB\" \/>\n<meta property=\"og:type\" content=\"article\" \/>\n<meta property=\"og:title\" content=\"Av\u00eds legal - Virtus Advocats\" \/>\n<meta property=\"og:url\" content=\"https:\/\/www.virtusadvocats.com\/en\/avis-legal\/\" \/>\n<meta property=\"og:site_name\" content=\"Virtus Advocats\" \/>\n<meta property=\"article:modified_time\" content=\"2020-05-04T09:07:18+00:00\" \/>\n<meta name=\"twitter:card\" content=\"summary_large_image\" \/>\n<meta name=\"twitter:label1\" content=\"Estimated reading time\" \/>\n\t<meta name=\"twitter:data1\" content=\"8 minutes\" \/>\n<script type=\"application\/ld+json\" class=\"yoast-schema-graph\">{\"@context\":\"https:\\\/\\\/schema.org\",\"@graph\":[{\"@type\":\"WebPage\",\"@id\":\"https:\\\/\\\/www.virtusadvocats.com\\\/avis-legal\\\/\",\"url\":\"https:\\\/\\\/www.virtusadvocats.com\\\/avis-legal\\\/\",\"name\":\"Av\u00eds legal - Virtus Advocats\",\"isPartOf\":{\"@id\":\"https:\\\/\\\/www.virtusadvocats.com\\\/#website\"},\"datePublished\":\"2020-03-13T12:00:17+00:00\",\"dateModified\":\"2020-05-04T09:07:18+00:00\",\"breadcrumb\":{\"@id\":\"https:\\\/\\\/www.virtusadvocats.com\\\/avis-legal\\\/#breadcrumb\"},\"inLanguage\":\"en-GB\",\"potentialAction\":[{\"@type\":\"ReadAction\",\"target\":[\"https:\\\/\\\/www.virtusadvocats.com\\\/avis-legal\\\/\"]}]},{\"@type\":\"BreadcrumbList\",\"@id\":\"https:\\\/\\\/www.virtusadvocats.com\\\/avis-legal\\\/#breadcrumb\",\"itemListElement\":[{\"@type\":\"ListItem\",\"position\":1,\"name\":\"Portada\",\"item\":\"https:\\\/\\\/www.virtusadvocats.com\\\/\"},{\"@type\":\"ListItem\",\"position\":2,\"name\":\"Av\u00eds legal\"}]},{\"@type\":\"WebSite\",\"@id\":\"https:\\\/\\\/www.virtusadvocats.com\\\/#website\",\"url\":\"https:\\\/\\\/www.virtusadvocats.com\\\/\",\"name\":\"Virtus Advocats\",\"description\":\"Professionals del dret i de l&#039;economia\",\"publisher\":{\"@id\":\"https:\\\/\\\/www.virtusadvocats.com\\\/#organization\"},\"potentialAction\":[{\"@type\":\"SearchAction\",\"target\":{\"@type\":\"EntryPoint\",\"urlTemplate\":\"https:\\\/\\\/www.virtusadvocats.com\\\/?s={search_term_string}\"},\"query-input\":{\"@type\":\"PropertyValueSpecification\",\"valueRequired\":true,\"valueName\":\"search_term_string\"}}],\"inLanguage\":\"en-GB\"},{\"@type\":\"Organization\",\"@id\":\"https:\\\/\\\/www.virtusadvocats.com\\\/#organization\",\"name\":\"Virtus Advocats\",\"url\":\"https:\\\/\\\/www.virtusadvocats.com\\\/\",\"logo\":{\"@type\":\"ImageObject\",\"inLanguage\":\"en-GB\",\"@id\":\"https:\\\/\\\/www.virtusadvocats.com\\\/#\\\/schema\\\/logo\\\/image\\\/\",\"url\":\"https:\\\/\\\/www.virtusadvocats.com\\\/wp-content\\\/uploads\\\/2020\\\/04\\\/android-icon-192x192-1.png\",\"contentUrl\":\"https:\\\/\\\/www.virtusadvocats.com\\\/wp-content\\\/uploads\\\/2020\\\/04\\\/android-icon-192x192-1.png\",\"width\":192,\"height\":192,\"caption\":\"Virtus Advocats\"},\"image\":{\"@id\":\"https:\\\/\\\/www.virtusadvocats.com\\\/#\\\/schema\\\/logo\\\/image\\\/\"},\"sameAs\":[\"https:\\\/\\\/www.linkedin.com\\\/company\\\/virtus-advocats\\\/\"]}]}<\/script>\n<!-- \/ Yoast SEO plugin. -->","yoast_head_json":{"title":"Legal notice - Virtus Advocats","robots":{"index":"index","follow":"follow","max-snippet":"max-snippet:-1","max-image-preview":"max-image-preview:large","max-video-preview":"max-video-preview:-1"},"canonical":"https:\/\/www.virtusadvocats.com\/en\/avis-legal\/","og_locale":"en_GB","og_type":"article","og_title":"Av\u00eds legal - Virtus Advocats","og_url":"https:\/\/www.virtusadvocats.com\/en\/avis-legal\/","og_site_name":"Virtus Advocats","article_modified_time":"2020-05-04T09:07:18+00:00","twitter_card":"summary_large_image","twitter_misc":{"Estimated reading time":"8 minutes"},"schema":{"@context":"https:\/\/schema.org","@graph":[{"@type":"WebPage","@id":"https:\/\/www.virtusadvocats.com\/avis-legal\/","url":"https:\/\/www.virtusadvocats.com\/avis-legal\/","name":"Legal notice - Virtus Advocats","isPartOf":{"@id":"https:\/\/www.virtusadvocats.com\/#website"},"datePublished":"2020-03-13T12:00:17+00:00","dateModified":"2020-05-04T09:07:18+00:00","breadcrumb":{"@id":"https:\/\/www.virtusadvocats.com\/avis-legal\/#breadcrumb"},"inLanguage":"en-GB","potentialAction":[{"@type":"ReadAction","target":["https:\/\/www.virtusadvocats.com\/avis-legal\/"]}]},{"@type":"BreadcrumbList","@id":"https:\/\/www.virtusadvocats.com\/avis-legal\/#breadcrumb","itemListElement":[{"@type":"ListItem","position":1,"name":"Portada","item":"https:\/\/www.virtusadvocats.com\/"},{"@type":"ListItem","position":2,"name":"Av\u00eds legal"}]},{"@type":"WebSite","@id":"https:\/\/www.virtusadvocats.com\/#website","url":"https:\/\/www.virtusadvocats.com\/","name":"Virtus Advocats","description":"Professionals del dret i de l&#039;economia","publisher":{"@id":"https:\/\/www.virtusadvocats.com\/#organization"},"potentialAction":[{"@type":"SearchAction","target":{"@type":"EntryPoint","urlTemplate":"https:\/\/www.virtusadvocats.com\/?s={search_term_string}"},"query-input":{"@type":"PropertyValueSpecification","valueRequired":true,"valueName":"search_term_string"}}],"inLanguage":"en-GB"},{"@type":"Organization","@id":"https:\/\/www.virtusadvocats.com\/#organization","name":"Virtus Advocats","url":"https:\/\/www.virtusadvocats.com\/","logo":{"@type":"ImageObject","inLanguage":"en-GB","@id":"https:\/\/www.virtusadvocats.com\/#\/schema\/logo\/image\/","url":"https:\/\/www.virtusadvocats.com\/wp-content\/uploads\/2020\/04\/android-icon-192x192-1.png","contentUrl":"https:\/\/www.virtusadvocats.com\/wp-content\/uploads\/2020\/04\/android-icon-192x192-1.png","width":192,"height":192,"caption":"Virtus Advocats"},"image":{"@id":"https:\/\/www.virtusadvocats.com\/#\/schema\/logo\/image\/"},"sameAs":["https:\/\/www.linkedin.com\/company\/virtus-advocats\/"]}]}},"_links":{"self":[{"href":"https:\/\/www.virtusadvocats.com\/en\/wp-json\/wp\/v2\/pages\/285","targetHints":{"allow":["GET"]}}],"collection":[{"href":"https:\/\/www.virtusadvocats.com\/en\/wp-json\/wp\/v2\/pages"}],"about":[{"href":"https:\/\/www.virtusadvocats.com\/en\/wp-json\/wp\/v2\/types\/page"}],"author":[{"embeddable":true,"href":"https:\/\/www.virtusadvocats.com\/en\/wp-json\/wp\/v2\/users\/1"}],"replies":[{"embeddable":true,"href":"https:\/\/www.virtusadvocats.com\/en\/wp-json\/wp\/v2\/comments?post=285"}],"version-history":[{"count":2,"href":"https:\/\/www.virtusadvocats.com\/en\/wp-json\/wp\/v2\/pages\/285\/revisions"}],"predecessor-version":[{"id":616,"href":"https:\/\/www.virtusadvocats.com\/en\/wp-json\/wp\/v2\/pages\/285\/revisions\/616"}],"wp:attachment":[{"href":"https:\/\/www.virtusadvocats.com\/en\/wp-json\/wp\/v2\/media?parent=285"}],"curies":[{"name":"wp","href":"https:\/\/api.w.org\/{rel}","templated":true}]}}