{"id":83,"date":"2020-03-09T12:33:17","date_gmt":"2020-03-09T12:33:17","guid":{"rendered":"http:\/\/www.virtusadvocats.com\/?page_id=83"},"modified":"2021-07-16T11:52:16","modified_gmt":"2021-07-16T09:52:16","slug":"immigracio","status":"publish","type":"page","link":"https:\/\/www.virtusadvocats.com\/en\/immigration\/","title":{"rendered":"Immigration"},"content":{"rendered":"<div class=\"wpb-content-wrapper\"><div data-parent=\"true\" class=\"vc_row row-container\" id=\"row-unique-0\"><div class=\"row-background background-element\">\n\t\t\t\t\t\t\t\t\t\t\t<div class=\"background-wrapper\">\n\t\t\t\t\t\t\t\t\t\t\t\t<div class=\"background-inner\" style=\"background-image: url(https:\/\/www.virtusadvocats.com\/wp-content\/uploads\/2020\/03\/virtus-immigration.png);background-repeat: no-repeat;background-position: center center;background-attachment: scroll;background-size: cover;\"><\/div>\n\t\t\t\t\t\t\t\t\t\t\t\t<div class=\"block-bg-overlay style-color-627511-bg\" style=\"opacity: 0.1;\"><\/div>\n\t\t\t\t\t\t\t\t\t\t\t<\/div>\n\t\t\t\t\t\t\t\t\t\t<\/div><div class=\"row limit-width row-parent\" data-minheight=\"353\"><div class=\"wpb_row row-inner\"><div class=\"wpb_column pos-middle pos-center align_center column_parent col-lg-12 single-internal-gutter\"><div class=\"uncol style-spec style-dark\"  ><div class=\"uncoltable\"><div class=\"uncell no-block-padding\" ><div class=\"uncont\" ><div class=\"vc_custom_heading_wrap\"><div class=\"heading-text el-text\" ><\/p>\n<h1>Immigration<\/h1>\n<p>\n<\/div><div class=\"clear\"><\/div><\/div><\/div><\/div><\/div><\/div><\/div><script id=\"script-row-unique-0\" data-row=\"script-row-unique-0\" type=\"text\/javascript\" class=\"vc_controls\">UNCODE.initRow(document.getElementById(\"row-unique-0\"));<\/script><\/div><\/div><\/div><div data-parent=\"true\" class=\"vc_row row-container\" id=\"row-unique-1\"><div class=\"row limit-width row-parent\"><div class=\"wpb_row row-inner\"><div class=\"wpb_column pos-middle pos-center align_center column_parent col-lg-12 single-internal-gutter\"><div class=\"uncol style-light\"  ><div class=\"uncoltable\"><div class=\"uncell no-block-padding\" ><div class=\"uncont\" ><div class=\"vc_custom_heading_wrap\"><div class=\"heading-text el-text\" ><h2 class=\"h2\" ><span><\/p><\/span><span><h2 class=\"serveititol\"><em>We are with you every step of the way<\/em><\/h2><\/span><span><p><\/span><\/h2><\/div><div class=\"clear\"><\/div><\/div><div class=\"vc_custom_heading_wrap\"><div class=\"heading-text el-text\" ><\/p>\n<h2><a href=\"https:\/\/www.virtusadvocats.com\/en\/contacte\/\">How to live in Andorra? Your residence in Andorra<\/a><\/h2>\n<p class=\"servei01\" style=\"text-align: justify;\">Obtaining the immigration permits involves meeting a series of requirements. We advise you and arrange everything necessary during the whole process for obtaining your permit according your needs.<\/p>\n<p class=\"servei02\" style=\"text-align: justify;\">We work for accelerating these procedures to assure that our clients obtain or renew their permits as soon as possible. We also manage other procedures that are vital to the proper operation of your business.<\/p>\n<p>\n<\/div><div class=\"clear\"><\/div><\/div><\/div><\/div><\/div><\/div><\/div><script id=\"script-row-unique-1\" data-row=\"script-row-unique-1\" type=\"text\/javascript\" class=\"vc_controls\">UNCODE.initRow(document.getElementById(\"row-unique-1\"));<\/script><\/div><\/div><\/div><div data-parent=\"true\" class=\"vc_row row-container\" id=\"row-unique-2\"><div class=\"row limit-width row-parent\"><div class=\"wpb_row row-inner\"><div class=\"wpb_column pos-top pos-center align_left column_parent col-lg-12 single-internal-gutter\"><div class=\"uncol style-light\"  ><div class=\"uncoltable\"><div class=\"uncell no-block-padding\" ><div class=\"uncont\" ><div class=\"divider-wrapper\"  >\n    <hr class=\"unseparator border-default-color separator-no-padding\"  \/>\n<\/div>\n<\/div><\/div><\/div><\/div><\/div><script id=\"script-row-unique-2\" data-row=\"script-row-unique-2\" type=\"text\/javascript\" class=\"vc_controls\">UNCODE.initRow(document.getElementById(\"row-unique-2\"));<\/script><\/div><\/div><\/div><div data-parent=\"true\" class=\"vc_row row-container\" id=\"row-unique-3\"><div class=\"row limit-width row-parent\"><div class=\"wpb_row row-inner\"><div class=\"wpb_column pos-top pos-center align_left column_parent col-lg-12 single-internal-gutter\"><div class=\"uncol style-light\"  ><div class=\"uncoltable\"><div class=\"uncell no-block-padding\" ><div class=\"uncont\" ><div class=\"vc_custom_heading_wrap\"><div class=\"heading-text el-text\" ><\/p>\n<h2>Our services<\/h2>\n<p>\n<\/div><div class=\"clear\"><\/div><\/div><div class=\"vc_row row-internal row-container\"><div class=\"row row-child\"><div class=\"wpb_row row-inner\"><div class=\"wpb_column pos-top pos-center align_left column_child col-lg-6 single-internal-gutter\"><div class=\"uncol style-light\" ><div class=\"uncoltable\"><div class=\"uncell no-block-padding\" ><div class=\"uncont\" ><div class=\"vc_custom_heading_wrap\"><div class=\"heading-text el-text\" ><\/p>\n<h2>Active residence in Andorra:<\/h2>\n<p>\n<\/div><div class=\"clear\"><\/div><\/div><div class=\"uncode_text_column\" ><\/p>\n<ul class=\"servei02\">\n<li style=\"text-align: justify;\">Obtaining and renewing active residence and work permits.<\/li>\n<li style=\"text-align: justify;\">Obtaining and renewing active residence and self-employment permits.<\/li>\n<li style=\"text-align: justify;\">Acquisition and renewal of residence and work permits for foreign businesses.<\/li>\n<li style=\"text-align: justify;\">Obtaining and renewing active residence permits for reasons of regrouping.<\/li>\n<li style=\"text-align: justify;\">Acquisition and renewal of frontier worker permits.<\/li>\n<li style=\"text-align: justify;\">Obtaining and renewing active residence and work permits for the personnel of educational institutions.<\/li>\n<li style=\"text-align: justify;\">Acquisition and renewal of immigration authorizations of stay for study purposes, internship, top-level sports training or research.<\/li>\n<li style=\"text-align: justify;\">Acquisition of temporary immigration permits.<\/li>\n<\/ul>\n<p>\n<\/div><div class=\"vc_custom_heading_wrap\"><div class=\"heading-text el-text\" ><\/p>\n<h2>Others<\/h2>\n<p>\n<\/div><div class=\"clear\"><\/div><\/div><div class=\"uncode_text_column\" ><\/p>\n<ul class=\"servei02 class-col-md-12\">\n<li>Acquisition of immigration permit duplicates.<\/li>\n<li>Acquisition of certificates of inscription.<\/li>\n<li>Acquisition of definite residence termination certificates.<\/li>\n<\/ul>\n<p>\n<\/div><\/div><\/div><\/div><\/div><\/div><div class=\"wpb_column pos-top pos-center align_left column_child col-lg-6 single-internal-gutter\"><div class=\"uncol style-light\" ><div class=\"uncoltable\"><div class=\"uncell no-block-padding\" ><div class=\"uncont\" ><div class=\"vc_custom_heading_wrap\"><div class=\"heading-text el-text\" ><\/p>\n<h2>Passive residence in Andorra:<\/h2>\n<p>\n<\/div><div class=\"clear\"><\/div><\/div><div class=\"uncode_text_column\" ><\/p>\n<ul class=\"servei02\">\n<li style=\"text-align: justify;\">Procedures for obtaining and renewing passive residency without lucrative activity.<\/li>\n<li style=\"text-align: justify;\">Procedures for obtaining and renewing passive residence permits for reasons of scientific and sporting interest.<\/li>\n<li style=\"text-align: justify;\">Procedures for obtaining and renewing passive residence permits for professionals with international projection.<\/li>\n<li style=\"text-align: justify;\">Processing of the cancellation of passive residence with the administration in the event of voluntary cancellation or death and\/or other reasons.<\/li>\n<\/ul>\n<p>\n<\/div><\/div><\/div><\/div><\/div><\/div><\/div><\/div><\/div><\/div><\/div><\/div><\/div><\/div><script id=\"script-row-unique-3\" data-row=\"script-row-unique-3\" type=\"text\/javascript\" class=\"vc_controls\">UNCODE.initRow(document.getElementById(\"row-unique-3\"));<\/script><\/div><\/div><\/div><div data-parent=\"true\" class=\"vc_row row-container\" id=\"row-unique-4\"><div class=\"row-background background-element\">\n\t\t\t\t\t\t\t\t\t\t\t<div class=\"background-wrapper\">\n\t\t\t\t\t\t\t\t\t\t\t\t<div class=\"background-inner\" style=\"background-image: url(https:\/\/www.virtusadvocats.com\/wp-content\/uploads\/2020\/03\/calltoaction.jpg);background-repeat: no-repeat;background-position: center center;background-attachment: scroll;background-size: cover;\"><\/div>\n\t\t\t\t\t\t\t\t\t\t\t\t\n\t\t\t\t\t\t\t\t\t\t\t<\/div>\n\t\t\t\t\t\t\t\t\t\t<\/div><div class=\"row limit-width row-parent\" data-minheight=\"258\"><div class=\"wpb_row row-inner\"><div class=\"wpb_column pos-middle pos-center align_center column_parent col-lg-12 single-internal-gutter\"><div class=\"uncol style-spec style-dark\"  ><div class=\"uncoltable\"><div class=\"uncell no-block-padding\" ><div class=\"uncont\" ><div class=\"vc_custom_heading_wrap\"><div class=\"heading-text el-text\" ><\/p>\n<h2><span style=\"font-size: 12pt;\">FOR MORE INFORMATION ABOUT YOUR RESIDENCE AND HOW TO LIVE IN ANDORRA<\/span><\/h2>\n<p>\n<\/div><div class=\"clear\"><\/div><\/div><span class=\"btn-container\" ><a role=\"button\"  href=\"https:\/\/www.virtusadvocats.com\/en\/contacte\/\" class=\"custom-link btn btn-xl border-width-0 btn-color-627511 btn-icon-left\" title=\"Contact\"><i class=\"fa fa-envelope-o\"><\/i>ENVIA&#8217;NS LA TEVA CONSULTA<\/a><\/span><\/div><\/div><\/div><\/div><\/div><script id=\"script-row-unique-4\" data-row=\"script-row-unique-4\" type=\"text\/javascript\" class=\"vc_controls\">UNCODE.initRow(document.getElementById(\"row-unique-4\"));<\/script><\/div><\/div><\/div>\n<\/div>","protected":false},"excerpt":{"rendered":"Immigraci\u00f3 Amb tu en cada pas del cam\u00edCom viure a Andorra? La teva resid\u00e8ncia a Andorra. Per obtenir el perm\u00eds [...]","protected":false},"author":1,"featured_media":128,"parent":0,"menu_order":0,"comment_status":"closed","ping_status":"closed","template":"","meta":{"footnotes":""},"class_list":["post-83","page","type-page","status-publish","has-post-thumbnail","hentry"],"yoast_head":"<!-- This site is optimized with the Yoast SEO plugin v27.4 - https:\/\/yoast.com\/product\/yoast-seo-wordpress\/ -->\n<title>Immigraci\u00f3: T\u2019assessorem i gestionem en tot el proc\u00e9s - Virtus Advocats<\/title>\n<meta name=\"description\" content=\"Per obtenir el perm\u00eds d\u2019immigraci\u00f3 \u00e9s necessari complir amb una s\u00e8rie de requisits. T\u2019assessorem i gestionem en tot el proc\u00e9s.\" \/>\n<meta name=\"robots\" content=\"index, follow, max-snippet:-1, max-image-preview:large, max-video-preview:-1\" \/>\n<link rel=\"canonical\" href=\"https:\/\/www.virtusadvocats.com\/en\/immigracio\/\" \/>\n<meta property=\"og:locale\" content=\"en_GB\" \/>\n<meta property=\"og:type\" content=\"article\" \/>\n<meta property=\"og:title\" content=\"Immigraci\u00f3: T\u2019assessorem i gestionem en tot el proc\u00e9s - Virtus Advocats\" \/>\n<meta property=\"og:description\" content=\"Per obtenir el perm\u00eds d\u2019immigraci\u00f3 \u00e9s necessari complir amb una s\u00e8rie de requisits. T\u2019assessorem i gestionem en tot el proc\u00e9s.\" \/>\n<meta property=\"og:url\" content=\"https:\/\/www.virtusadvocats.com\/en\/immigracio\/\" \/>\n<meta property=\"og:site_name\" content=\"Virtus Advocats\" \/>\n<meta property=\"article:modified_time\" content=\"2021-07-16T09:52:16+00:00\" \/>\n<meta property=\"og:image\" content=\"https:\/\/www.virtusadvocats.com\/wp-content\/uploads\/2020\/03\/virtus-immigration.png\" \/>\n\t<meta property=\"og:image:width\" content=\"831\" \/>\n\t<meta property=\"og:image:height\" content=\"600\" \/>\n\t<meta property=\"og:image:type\" content=\"image\/png\" \/>\n<meta name=\"twitter:card\" content=\"summary_large_image\" \/>\n<meta name=\"twitter:label1\" content=\"Estimated reading time\" \/>\n\t<meta name=\"twitter:data1\" content=\"2 minutes\" \/>\n<script type=\"application\/ld+json\" class=\"yoast-schema-graph\">{\"@context\":\"https:\\\/\\\/schema.org\",\"@graph\":[{\"@type\":\"WebPage\",\"@id\":\"https:\\\/\\\/www.virtusadvocats.com\\\/immigracio\\\/\",\"url\":\"https:\\\/\\\/www.virtusadvocats.com\\\/immigracio\\\/\",\"name\":\"Immigraci\u00f3: T\u2019assessorem i gestionem en tot el proc\u00e9s - Virtus Advocats\",\"isPartOf\":{\"@id\":\"https:\\\/\\\/www.virtusadvocats.com\\\/#website\"},\"primaryImageOfPage\":{\"@id\":\"https:\\\/\\\/www.virtusadvocats.com\\\/immigracio\\\/#primaryimage\"},\"image\":{\"@id\":\"https:\\\/\\\/www.virtusadvocats.com\\\/immigracio\\\/#primaryimage\"},\"thumbnailUrl\":\"https:\\\/\\\/www.virtusadvocats.com\\\/wp-content\\\/uploads\\\/2020\\\/03\\\/virtus-immigration.png\",\"datePublished\":\"2020-03-09T12:33:17+00:00\",\"dateModified\":\"2021-07-16T09:52:16+00:00\",\"description\":\"Per obtenir el perm\u00eds d\u2019immigraci\u00f3 \u00e9s necessari complir amb una s\u00e8rie de requisits. T\u2019assessorem i gestionem en tot el proc\u00e9s.\",\"breadcrumb\":{\"@id\":\"https:\\\/\\\/www.virtusadvocats.com\\\/immigracio\\\/#breadcrumb\"},\"inLanguage\":\"en-GB\",\"potentialAction\":[{\"@type\":\"ReadAction\",\"target\":[\"https:\\\/\\\/www.virtusadvocats.com\\\/immigracio\\\/\"]}]},{\"@type\":\"ImageObject\",\"inLanguage\":\"en-GB\",\"@id\":\"https:\\\/\\\/www.virtusadvocats.com\\\/immigracio\\\/#primaryimage\",\"url\":\"https:\\\/\\\/www.virtusadvocats.com\\\/wp-content\\\/uploads\\\/2020\\\/03\\\/virtus-immigration.png\",\"contentUrl\":\"https:\\\/\\\/www.virtusadvocats.com\\\/wp-content\\\/uploads\\\/2020\\\/03\\\/virtus-immigration.png\",\"width\":831,\"height\":600,\"caption\":\"Advocats a Andorra\"},{\"@type\":\"BreadcrumbList\",\"@id\":\"https:\\\/\\\/www.virtusadvocats.com\\\/immigracio\\\/#breadcrumb\",\"itemListElement\":[{\"@type\":\"ListItem\",\"position\":1,\"name\":\"Portada\",\"item\":\"https:\\\/\\\/www.virtusadvocats.com\\\/\"},{\"@type\":\"ListItem\",\"position\":2,\"name\":\"Immigraci\u00f3\"}]},{\"@type\":\"WebSite\",\"@id\":\"https:\\\/\\\/www.virtusadvocats.com\\\/#website\",\"url\":\"https:\\\/\\\/www.virtusadvocats.com\\\/\",\"name\":\"Virtus Advocats\",\"description\":\"Professionals del dret i de l&#039;economia\",\"publisher\":{\"@id\":\"https:\\\/\\\/www.virtusadvocats.com\\\/#organization\"},\"potentialAction\":[{\"@type\":\"SearchAction\",\"target\":{\"@type\":\"EntryPoint\",\"urlTemplate\":\"https:\\\/\\\/www.virtusadvocats.com\\\/?s={search_term_string}\"},\"query-input\":{\"@type\":\"PropertyValueSpecification\",\"valueRequired\":true,\"valueName\":\"search_term_string\"}}],\"inLanguage\":\"en-GB\"},{\"@type\":\"Organization\",\"@id\":\"https:\\\/\\\/www.virtusadvocats.com\\\/#organization\",\"name\":\"Virtus Advocats\",\"url\":\"https:\\\/\\\/www.virtusadvocats.com\\\/\",\"logo\":{\"@type\":\"ImageObject\",\"inLanguage\":\"en-GB\",\"@id\":\"https:\\\/\\\/www.virtusadvocats.com\\\/#\\\/schema\\\/logo\\\/image\\\/\",\"url\":\"https:\\\/\\\/www.virtusadvocats.com\\\/wp-content\\\/uploads\\\/2020\\\/04\\\/android-icon-192x192-1.png\",\"contentUrl\":\"https:\\\/\\\/www.virtusadvocats.com\\\/wp-content\\\/uploads\\\/2020\\\/04\\\/android-icon-192x192-1.png\",\"width\":192,\"height\":192,\"caption\":\"Virtus Advocats\"},\"image\":{\"@id\":\"https:\\\/\\\/www.virtusadvocats.com\\\/#\\\/schema\\\/logo\\\/image\\\/\"},\"sameAs\":[\"https:\\\/\\\/www.linkedin.com\\\/company\\\/virtus-advocats\\\/\"]}]}<\/script>\n<!-- \/ Yoast SEO plugin. -->","yoast_head_json":{"title":"Immigration: We advise and manage you throughout the process - Virtus Advocats","description":"Per obtenir el perm\u00eds d\u2019immigraci\u00f3 \u00e9s necessari complir amb una s\u00e8rie de requisits. T\u2019assessorem i gestionem en tot el proc\u00e9s.","robots":{"index":"index","follow":"follow","max-snippet":"max-snippet:-1","max-image-preview":"max-image-preview:large","max-video-preview":"max-video-preview:-1"},"canonical":"https:\/\/www.virtusadvocats.com\/en\/immigracio\/","og_locale":"en_GB","og_type":"article","og_title":"Immigraci\u00f3: T\u2019assessorem i gestionem en tot el proc\u00e9s - Virtus Advocats","og_description":"Per obtenir el perm\u00eds d\u2019immigraci\u00f3 \u00e9s necessari complir amb una s\u00e8rie de requisits. T\u2019assessorem i gestionem en tot el proc\u00e9s.","og_url":"https:\/\/www.virtusadvocats.com\/en\/immigracio\/","og_site_name":"Virtus Advocats","article_modified_time":"2021-07-16T09:52:16+00:00","og_image":[{"width":831,"height":600,"url":"https:\/\/www.virtusadvocats.com\/wp-content\/uploads\/2020\/03\/virtus-immigration.png","type":"image\/png"}],"twitter_card":"summary_large_image","twitter_misc":{"Estimated reading time":"2 minutes"},"schema":{"@context":"https:\/\/schema.org","@graph":[{"@type":"WebPage","@id":"https:\/\/www.virtusadvocats.com\/immigracio\/","url":"https:\/\/www.virtusadvocats.com\/immigracio\/","name":"Immigration: We advise and manage you throughout the process - Virtus Advocats","isPartOf":{"@id":"https:\/\/www.virtusadvocats.com\/#website"},"primaryImageOfPage":{"@id":"https:\/\/www.virtusadvocats.com\/immigracio\/#primaryimage"},"image":{"@id":"https:\/\/www.virtusadvocats.com\/immigracio\/#primaryimage"},"thumbnailUrl":"https:\/\/www.virtusadvocats.com\/wp-content\/uploads\/2020\/03\/virtus-immigration.png","datePublished":"2020-03-09T12:33:17+00:00","dateModified":"2021-07-16T09:52:16+00:00","description":"Per obtenir el perm\u00eds d\u2019immigraci\u00f3 \u00e9s necessari complir amb una s\u00e8rie de requisits. T\u2019assessorem i gestionem en tot el proc\u00e9s.","breadcrumb":{"@id":"https:\/\/www.virtusadvocats.com\/immigracio\/#breadcrumb"},"inLanguage":"en-GB","potentialAction":[{"@type":"ReadAction","target":["https:\/\/www.virtusadvocats.com\/immigracio\/"]}]},{"@type":"ImageObject","inLanguage":"en-GB","@id":"https:\/\/www.virtusadvocats.com\/immigracio\/#primaryimage","url":"https:\/\/www.virtusadvocats.com\/wp-content\/uploads\/2020\/03\/virtus-immigration.png","contentUrl":"https:\/\/www.virtusadvocats.com\/wp-content\/uploads\/2020\/03\/virtus-immigration.png","width":831,"height":600,"caption":"Advocats a Andorra"},{"@type":"BreadcrumbList","@id":"https:\/\/www.virtusadvocats.com\/immigracio\/#breadcrumb","itemListElement":[{"@type":"ListItem","position":1,"name":"Portada","item":"https:\/\/www.virtusadvocats.com\/"},{"@type":"ListItem","position":2,"name":"Immigraci\u00f3"}]},{"@type":"WebSite","@id":"https:\/\/www.virtusadvocats.com\/#website","url":"https:\/\/www.virtusadvocats.com\/","name":"Virtus Advocats","description":"Professionals del dret i de l&#039;economia","publisher":{"@id":"https:\/\/www.virtusadvocats.com\/#organization"},"potentialAction":[{"@type":"SearchAction","target":{"@type":"EntryPoint","urlTemplate":"https:\/\/www.virtusadvocats.com\/?s={search_term_string}"},"query-input":{"@type":"PropertyValueSpecification","valueRequired":true,"valueName":"search_term_string"}}],"inLanguage":"en-GB"},{"@type":"Organization","@id":"https:\/\/www.virtusadvocats.com\/#organization","name":"Virtus Advocats","url":"https:\/\/www.virtusadvocats.com\/","logo":{"@type":"ImageObject","inLanguage":"en-GB","@id":"https:\/\/www.virtusadvocats.com\/#\/schema\/logo\/image\/","url":"https:\/\/www.virtusadvocats.com\/wp-content\/uploads\/2020\/04\/android-icon-192x192-1.png","contentUrl":"https:\/\/www.virtusadvocats.com\/wp-content\/uploads\/2020\/04\/android-icon-192x192-1.png","width":192,"height":192,"caption":"Virtus Advocats"},"image":{"@id":"https:\/\/www.virtusadvocats.com\/#\/schema\/logo\/image\/"},"sameAs":["https:\/\/www.linkedin.com\/company\/virtus-advocats\/"]}]}},"_links":{"self":[{"href":"https:\/\/www.virtusadvocats.com\/en\/wp-json\/wp\/v2\/pages\/83","targetHints":{"allow":["GET"]}}],"collection":[{"href":"https:\/\/www.virtusadvocats.com\/en\/wp-json\/wp\/v2\/pages"}],"about":[{"href":"https:\/\/www.virtusadvocats.com\/en\/wp-json\/wp\/v2\/types\/page"}],"author":[{"embeddable":true,"href":"https:\/\/www.virtusadvocats.com\/en\/wp-json\/wp\/v2\/users\/1"}],"replies":[{"embeddable":true,"href":"https:\/\/www.virtusadvocats.com\/en\/wp-json\/wp\/v2\/comments?post=83"}],"version-history":[{"count":13,"href":"https:\/\/www.virtusadvocats.com\/en\/wp-json\/wp\/v2\/pages\/83\/revisions"}],"predecessor-version":[{"id":1202,"href":"https:\/\/www.virtusadvocats.com\/en\/wp-json\/wp\/v2\/pages\/83\/revisions\/1202"}],"wp:featuredmedia":[{"embeddable":true,"href":"https:\/\/www.virtusadvocats.com\/en\/wp-json\/wp\/v2\/media\/128"}],"wp:attachment":[{"href":"https:\/\/www.virtusadvocats.com\/en\/wp-json\/wp\/v2\/media?parent=83"}],"curies":[{"name":"wp","href":"https:\/\/api.w.org\/{rel}","templated":true}]}}