{"id":15,"date":"2020-03-09T10:34:53","date_gmt":"2020-03-09T10:34:53","guid":{"rendered":"http:\/\/www.virtusadvocats.com\/?page_id=15"},"modified":"2022-07-08T13:49:59","modified_gmt":"2022-07-08T11:49:59","slug":"contacte","status":"publish","type":"page","link":"https:\/\/www.virtusadvocats.com\/es\/contacto\/","title":{"rendered":"Contacto"},"content":{"rendered":"<div class=\"wpb-content-wrapper\"><div data-parent=\"true\" class=\"vc_row row-container\" id=\"row-unique-0\"><div class=\"row-background background-element\">\n\t\t\t\t\t\t\t\t\t\t\t<div class=\"background-wrapper\">\n\t\t\t\t\t\t\t\t\t\t\t\t<div class=\"background-inner\" style=\"background-image: url(https:\/\/www.virtusadvocats.com\/wp-content\/uploads\/2020\/03\/head-contacte.jpg);background-repeat: no-repeat;background-position: center center;background-attachment: scroll;background-size: cover;\"><\/div>\n\t\t\t\t\t\t\t\t\t\t\t\t<div class=\"block-bg-overlay style-color-627511-bg\" style=\"opacity: 0.1;\"><\/div>\n\t\t\t\t\t\t\t\t\t\t\t<\/div>\n\t\t\t\t\t\t\t\t\t\t<\/div><div class=\"row limit-width row-parent\" data-minheight=\"353\"><div class=\"wpb_row row-inner\"><div class=\"wpb_column pos-middle pos-center align_center column_parent col-lg-12 single-internal-gutter\"><div class=\"uncol style-spec style-dark\"  ><div class=\"uncoltable\"><div class=\"uncell no-block-padding\" ><div class=\"uncont\" ><div class=\"vc_custom_heading_wrap\"><div class=\"heading-text el-text\" ><\/p>\n<div class=\"contacte_sup m-0\">\n<h1>Escuchamos a nuestros clientes<\/h1>\n<\/div>\n<p>\n<\/div><div class=\"clear\"><\/div><\/div><\/div><\/div><\/div><\/div><\/div><script id=\"script-row-unique-0\" data-row=\"script-row-unique-0\" type=\"text\/javascript\" class=\"vc_controls\">UNCODE.initRow(document.getElementById(\"row-unique-0\"));<\/script><\/div><\/div><\/div><div data-parent=\"true\" class=\"vc_row row-container\" id=\"row-unique-1\"><div class=\"row limit-width row-parent\"><div class=\"wpb_row row-inner\"><div class=\"wpb_column pos-middle pos-center align_center column_parent col-lg-12 single-internal-gutter\"><div class=\"uncol style-light\"  ><div class=\"uncoltable\"><div class=\"uncell no-block-padding\" ><div class=\"uncont\" ><div class=\"vc_custom_heading_wrap\"><div class=\"heading-text el-text\" ><\/p>\n<h2>Cont\u00e1ctanos<\/h2>\n<p>\n<\/div><div class=\"clear\"><\/div><\/div><div class=\"vc_row row-internal row-container\"><div class=\"row row-child\"><div class=\"wpb_row row-inner\"><div class=\"wpb_column pos-top pos-center align_center column_child col-lg-6 single-internal-gutter\"><div class=\"uncol style-light\" ><div class=\"uncoltable\"><div class=\"uncell no-block-padding\" ><div class=\"uncont\" ><div class=\"icon-box icon-box-top\" ><div class=\"icon-box-icon fa-container\" ><span class=\"text-default-color btn-disable-hover\"><i class=\"fa fa-group fa-3x fa-fw\"><\/i><\/span><\/div><div class=\"icon-box-content\"><p class=\"text-lead\" style=\"text-align: justify;\"><a href=\"https:\/\/www.virtusadvocats.com\/es\/serveis\/\"><strong>\u00bfQuieres una propuesta de servicios profesionales?<\/strong><\/a><\/p>\n<div class=\"col-md-6 pl100\">\n<p class=\"contacte2\" style=\"text-align: justify;\">Gracias por tu inter\u00e9s en los servicios profesionales que ofrece VIRTUS ADVOCATS. Por favor cumplimenta el formulario que encontrar\u00e1s a continuaci\u00f3n, y nos pondremos en contacto contigo en menos de 48 horas h\u00e1biles.<\/p>\n<\/div>\n<\/div><\/div><\/div><\/div><\/div><\/div><\/div><div class=\"wpb_column pos-top pos-center align_center column_child col-lg-6 single-internal-gutter\"><div class=\"uncol style-light\" ><div class=\"uncoltable\"><div class=\"uncell no-block-padding\" ><div class=\"uncont\" ><div class=\"icon-box icon-box-top\" ><div class=\"icon-box-icon fa-container\" ><span class=\"text-default-color btn-disable-hover\"><i class=\"fa fa-clipboard2 fa-3x fa-fw\"><\/i><\/span><\/div><div class=\"icon-box-content\"><div class=\"col-md-6 pl100\">\n<p class=\"text-lead\" style=\"text-align: justify;\"><strong>\u00bfYa eres cliente?<\/strong><\/p>\n<p class=\"contacte2\" style=\"text-align: justify;\">Solicita en qu\u00e9 situaci\u00f3n se encuentra tu expediente, y te responderemos en el tiempo m\u00e1s breve posible. S\u00f3lo tienes que introducir tu n\u00famero de expediente. Si no lo conoces, puede solicitarlo por e-mail a <a href=\"mailto:virtus@virtusadvocats.com\"><i class=\"wp-svg-mail-3 mail-3\"><\/i> virtus@virtusadvocats.com<\/a> o al telefono <a href=\"tel:00376707010\"><i class=\"wp-svg-phone phone\"><\/i> (+376) 70 70 10<\/a>.<\/p>\n<\/div>\n<p>&nbsp;<\/p>\n<\/div><\/div><\/div><\/div><\/div><\/div><\/div><\/div><\/div><\/div><div class=\"vc_row row-internal row-container\"><div class=\"row row-child\"><div class=\"wpb_row row-inner\"><div class=\"wpb_column pos-top pos-center align_center column_child col-lg-6 single-internal-gutter\"><div class=\"uncol style-light\" ><div class=\"uncoltable\"><div class=\"uncell no-block-padding\" ><div class=\"uncont\" ><div class=\"icon-box icon-box-top\" ><div class=\"icon-box-icon fa-container\" ><span class=\"text-default-color btn-disable-hover\"><i class=\"fa fa-bullhorn fa-3x fa-fw\"><\/i><\/span><\/div><div class=\"icon-box-content\"><div class=\"col-md-6 pl100\">\n<p class=\"text-lead\" style=\"text-align: justify;\"><strong>\u00a1Estamos deseando escucharte!<\/strong><\/p>\n<p class=\"contacte2\" style=\"text-align: justify;\">\u00bfPreguntas, quejas o sugerencias? Agradecemos tu inter\u00e9s en nuestro Despacho.<br \/>\nSi quieres hacernos una consulta, tienes alguna queja o sugerencia, rellena este cuestionario y le atenderemos enseguida.<br \/>\nSi prefieres contactar con nosotros por tel\u00e9fono encontrar\u00e1s en este apartado los datos de nuestras oficinas.<\/p>\n<\/div>\n<\/div><\/div><\/div><\/div><\/div><\/div><\/div><div class=\"wpb_column pos-top pos-center align_center column_child col-lg-6 single-internal-gutter\"><div class=\"uncol style-light\" ><div class=\"uncoltable\"><div class=\"uncell no-block-padding\" ><div class=\"uncont\" ><div class=\"icon-box icon-box-top\" ><div class=\"icon-box-icon fa-container\" ><span class=\"text-default-color btn-disable-hover\"><i class=\"fa fa-thumb-tack fa-3x fa-fw\"><\/i><\/span><\/div><div class=\"icon-box-content\"><div class=\"col-md-6 pl100\"><\/div>\n<div class=\"col-md-6 pl100\">\n<p class=\"text-lead\" style=\"text-align: justify;\"><strong>\u00bfQuieres trabajar con nosotros?<\/strong><\/p>\n<p class=\"contacte2\" style=\"text-align: justify;\">Estamos abiertos a colaboraciones profesionales externas, al tiempo que buscamos la incorporaci\u00f3n a nuestro equipo de profesionales competentes. Te ofrecemos un proceso de formaci\u00f3n continua y un plan de carrera profesional.<br \/>\nSi est\u00e1s interesado, env\u00edanos tu curriculum vitae y tu propuesta profesional mediante el formulario que encontrar\u00e1s a continuaci\u00f3n, y antes de una semana nos pondremos en contacto contigo.<\/p>\n<\/div>\n<\/div><\/div><\/div><\/div><\/div><\/div><\/div><\/div><\/div><\/div><\/div><\/div><\/div><\/div><\/div><script id=\"script-row-unique-1\" data-row=\"script-row-unique-1\" type=\"text\/javascript\" class=\"vc_controls\">UNCODE.initRow(document.getElementById(\"row-unique-1\"));<\/script><\/div><\/div><\/div><div data-parent=\"true\" class=\"vc_row has-bg need-focus style-color-lxmt-bg row-container\" id=\"row-unique-2\"><div class=\"row full-width row-parent\"><div class=\"wpb_row row-inner\"><div class=\"wpb_column pos-top pos-center align_left column_parent col-lg-4 no-internal-gutter\"><div class=\"uncol style-light\"  ><div class=\"uncoltable\"><div class=\"uncell no-block-padding\" ><div class=\"uncont\" >\n\t<div class=\"wpb_raw_code wpb_raw_html\" >\n\t\t<div class=\"wpb_wrapper\">\n\t\t\t<iframe src=\"https:\/\/www.google.com\/maps\/embed?pb=!1m18!1m12!1m3!1d2941.2690003841135!2d1.5285924156705961!3d42.507091133795655!2m3!1f0!2f0!3f0!3m2!1i1024!2i768!4f13.1!3m3!1m2!1s0x12a58ada07c5f0c1%3A0x658f1e93ffb70659!2sCarrer+Bonaventura+Riberaygua%2C+18%2C+AD500+Andorra+la+Vella!5e0!3m2!1sca!2sad!4v1519121983317\" style=\"border:0\" allowfullscreen=\"\" width=\"100%\" height=\"550\" frameborder=\"0\"><\/iframe>\n\t\t<\/div>\n\t<\/div>\n<\/div><\/div><\/div><\/div><\/div><div class=\"wpb_column pos-top pos-left align_left column_parent col-lg-4 single-internal-gutter\"><div class=\"uncol style-light\"  ><div class=\"uncoltable\"><div class=\"uncell  vc_custom_1585330178558 no-block-padding\" style=\"padding-top: 12% ;padding-left: 20% ;\" ><div class=\"uncont\" ><div class=\"uncode_text_column\" ><\/p>\n<div class=\"col-md-3 offset-md-1 mt60\">\n<div class=\"col-md-12 pl50_1\">\n<p class=\"contacte\"><span style=\"font-size: 14pt;\"><i class=\"wp-svg-location location\"><\/i> Direcci\u00f3n<\/span><\/p>\n<p class=\"contacte2\"><span style=\"font-size: 10pt;\">C\/Bonaventura Riberaygua, n\u00ba18, 1-1<\/span><br \/>\n<span style=\"font-size: 10pt;\">AD-500 Andorra la Vella<\/span><\/p>\n<\/div>\n<div class=\"col-md-12 pl50_2\">\n<p class=\"contacte\"><span style=\"font-size: 14pt;\"><i class=\"wp-svg-mail-3 mail-3\"><\/i> Correo electr\u00f3nico<\/span><\/p>\n<p class=\"contacte2\"><span style=\"font-size: 10pt;\"><a href=\"mailto:virtus@virtusadvocats.com\">virtus@virtusadvocats.com<\/a><\/span><\/p>\n<\/div>\n<div class=\"col-md-12 pl50_3\">\n<p class=\"contacte\"><span style=\"font-size: 14pt;\"><i class=\"wp-svg-phone phone\"><\/i> Tel\u00e9fono<\/span><\/p>\n<p class=\"contacte2\"><span style=\"font-size: 10pt;\"><a href=\"tel:00376707010\"> +376 70 70 10<\/a><\/span><\/p>\n<\/div>\n<\/div>\n<p>\n<\/div><\/div><\/div><\/div><\/div><\/div><div class=\"wpb_column pos-top pos-left align_left column_parent col-lg-4 single-internal-gutter\"><div class=\"uncol style-light\"  ><div class=\"uncoltable\"><div class=\"uncell no-block-padding\" ><div class=\"uncont\" >\n<div class=\"wpcf7 no-js\" id=\"wpcf7-f215-o1\" lang=\"es-ES\" dir=\"ltr\" data-wpcf7-id=\"215\">\n<div class=\"screen-reader-response\"><p role=\"status\" aria-live=\"polite\" aria-atomic=\"true\"><\/p> <ul><\/ul><\/div>\n<form action=\"\/es\/wp-json\/wp\/v2\/pages\/15#wpcf7-f215-o1\" method=\"post\" class=\"wpcf7-form init\" aria-label=\"Formulario de contacto\" novalidate=\"novalidate\" data-status=\"init\" data-trp-original-action=\"\/es\/wp-json\/wp\/v2\/pages\/15#wpcf7-f215-o1\">\n<fieldset class=\"hidden-fields-container\"><input type=\"hidden\" name=\"_wpcf7\" value=\"215\" \/><input type=\"hidden\" name=\"_wpcf7_version\" value=\"6.1.5\" \/><input type=\"hidden\" name=\"_wpcf7_locale\" value=\"es_ES\" \/><input type=\"hidden\" name=\"_wpcf7_unit_tag\" value=\"wpcf7-f215-o1\" \/><input type=\"hidden\" name=\"_wpcf7_container_post\" value=\"0\" \/><input type=\"hidden\" name=\"_wpcf7_posted_data_hash\" value=\"\" \/><input type=\"hidden\" name=\"_wpcf7_recaptcha_response\" value=\"\" \/>\n<\/fieldset>\n<p><label><br \/>\n<span class=\"wpcf7-form-control-wrap\" data-name=\"your-name\"><input size=\"40\" maxlength=\"400\" class=\"wpcf7-form-control wpcf7-text wpcf7-validates-as-required\" aria-required=\"true\" aria-invalid=\"false\" placeholder=\"*Nombre\" value=\"\" type=\"text\" name=\"your-name\" \/><\/span> <\/label>\n<\/p>\n<p><label><br \/>\n<span class=\"wpcf7-form-control-wrap\" data-name=\"your-name\"><input size=\"40\" maxlength=\"400\" class=\"wpcf7-form-control wpcf7-text wpcf7-validates-as-required\" aria-required=\"true\" aria-invalid=\"false\" placeholder=\"*Apellido\" value=\"\" type=\"text\" name=\"your-name\" \/><\/span> <\/label>\n<\/p>\n<p><label><br \/>\n<span class=\"wpcf7-form-control-wrap\" data-name=\"Telefon\"><input size=\"40\" maxlength=\"400\" class=\"wpcf7-form-control wpcf7-tel wpcf7-validates-as-required wpcf7-text wpcf7-validates-as-tel\" id=\"telefon\" aria-required=\"true\" aria-invalid=\"false\" placeholder=\"Tel\u00e9fono\" value=\"\" type=\"tel\" name=\"Telefon\" \/><\/span> <\/label>\n<\/p>\n<p><label><br \/>\n<span class=\"wpcf7-form-control-wrap\" data-name=\"your-email\"><input size=\"40\" maxlength=\"400\" class=\"wpcf7-form-control wpcf7-email wpcf7-validates-as-required wpcf7-text wpcf7-validates-as-email\" aria-required=\"true\" aria-invalid=\"false\" placeholder=\"*Correo electr\u00f3nico\" value=\"\" type=\"email\" name=\"your-email\" \/><\/span> <\/label>\n<\/p>\n<p><label><br \/>\n<span class=\"wpcf7-form-control-wrap\" data-name=\"your-message\"><textarea cols=\"40\" rows=\"10\" maxlength=\"2000\" class=\"wpcf7-form-control wpcf7-textarea\" aria-invalid=\"false\" placeholder=\"*Mensaje\" name=\"your-message\"><\/textarea><\/span> <\/label>\n<\/p>\n<p><label><br \/>\n\t<\/label><br \/>\n<label><span class=\"wpcf7-form-control-wrap\" data-name=\"acceptance-842\"><span class=\"wpcf7-form-control wpcf7-acceptance\"><span class=\"wpcf7-list-item\"><input type=\"checkbox\" name=\"acceptance-842\" value=\"1\" aria-invalid=\"false\" \/><\/span><\/span><\/span> \"He le\u00eddo y acepto los t\u00e9rminos y condiciones, juntamente con la politica de privacidad\"<\/label><br \/>\n<input class=\"wpcf7-form-control wpcf7-submit has-spinner enviar\" id=\"enviar\" type=\"submit\" value=\"Enviar\" \/>\n<\/p><div class=\"wpcf7-response-output\" aria-hidden=\"true\"><\/div>\n<input type=\"hidden\" name=\"trp-form-language\" value=\"es\"\/><\/form>\n<\/div>\n<\/div><\/div><\/div><\/div><\/div><script id=\"script-row-unique-2\" data-row=\"script-row-unique-2\" type=\"text\/javascript\" class=\"vc_controls\">UNCODE.initRow(document.getElementById(\"row-unique-2\"));<\/script><\/div><\/div><\/div><div data-parent=\"true\" class=\"vc_row row-container\" id=\"row-unique-3\"><div class=\"row-background background-element\">\n\t\t\t\t\t\t\t\t\t\t\t<div class=\"background-wrapper\">\n\t\t\t\t\t\t\t\t\t\t\t\t<div class=\"background-inner\" style=\"background-image: url(https:\/\/www.virtusadvocats.com\/wp-content\/uploads\/2020\/03\/calltoaction.jpg);background-repeat: no-repeat;background-position: center center;background-attachment: scroll;background-size: cover;\"><\/div>\n\t\t\t\t\t\t\t\t\t\t\t\t\n\t\t\t\t\t\t\t\t\t\t\t<\/div>\n\t\t\t\t\t\t\t\t\t\t<\/div><div class=\"row limit-width row-parent\" data-minheight=\"258\"><div class=\"wpb_row row-inner\"><div class=\"wpb_column pos-middle pos-center align_center column_parent col-lg-12 single-internal-gutter\"><div class=\"uncol style-spec style-dark\"  ><div class=\"uncoltable\"><div class=\"uncell no-block-padding\" ><div class=\"uncont\" ><div class=\"vc_custom_heading_wrap\"><div class=\"heading-text el-text\" ><\/p>\n<h2>CONTACTA CON NOSOTROS<\/h2>\n<p>\n<\/div><div class=\"clear\"><\/div><\/div><span class=\"btn-container\" ><a role=\"button\"  href=\"\" class=\"custom-link btn btn-xl border-width-0 btn-color-627511 btn-icon-left\"><i class=\"fa fa-envelope-o\"><\/i>ENVIA&#8217;NS LA TEVA CONSULTA<\/a><\/span><\/div><\/div><\/div><\/div><\/div><script id=\"script-row-unique-3\" data-row=\"script-row-unique-3\" type=\"text\/javascript\" class=\"vc_controls\">UNCODE.initRow(document.getElementById(\"row-unique-3\"));<\/script><\/div><\/div><\/div>\n<\/div>","protected":false},"excerpt":{"rendered":"Escoltem els nostres clients Contacta amb nosaltres Vols una proposta de serveis professionals? Gr\u00e0cies pel teu inter\u00e8s en els serveis [...]","protected":false},"author":1,"featured_media":207,"parent":0,"menu_order":0,"comment_status":"closed","ping_status":"closed","template":"","meta":{"footnotes":""},"class_list":["post-15","page","type-page","status-publish","has-post-thumbnail","hentry"],"yoast_head":"<!-- This site is optimized with the Yoast SEO plugin v27.4 - https:\/\/yoast.com\/product\/yoast-seo-wordpress\/ -->\n<title>Contacte: Escoltem els nostres clients - Virtus Advocats<\/title>\n<meta name=\"description\" content=\"Contacte: Escoltem els nostres clients. Contacta amb nosaltres per a m\u00e9s informaci\u00f3 dels nostres serveis. Vols una propos\" \/>\n<meta name=\"robots\" content=\"index, follow, max-snippet:-1, max-image-preview:large, max-video-preview:-1\" \/>\n<link rel=\"canonical\" href=\"https:\/\/www.virtusadvocats.com\/es\/contacte\/\" \/>\n<meta property=\"og:locale\" content=\"es_ES\" \/>\n<meta property=\"og:type\" content=\"article\" \/>\n<meta property=\"og:title\" content=\"Contacte: Escoltem els nostres clients - Virtus Advocats\" \/>\n<meta property=\"og:description\" content=\"Contacte: Escoltem els nostres clients. Contacta amb nosaltres per a m\u00e9s informaci\u00f3 dels nostres serveis. Vols una propos\" \/>\n<meta property=\"og:url\" content=\"https:\/\/www.virtusadvocats.com\/es\/contacte\/\" \/>\n<meta property=\"og:site_name\" content=\"Virtus Advocats\" \/>\n<meta property=\"article:modified_time\" content=\"2022-07-08T11:49:59+00:00\" \/>\n<meta property=\"og:image\" content=\"https:\/\/www.virtusadvocats.com\/wp-content\/uploads\/2020\/03\/head-contacte.jpg\" \/>\n\t<meta property=\"og:image:width\" content=\"1024\" \/>\n\t<meta property=\"og:image:height\" content=\"252\" \/>\n\t<meta property=\"og:image:type\" content=\"image\/jpeg\" \/>\n<meta name=\"twitter:card\" content=\"summary_large_image\" \/>\n<meta name=\"twitter:label1\" content=\"Est. reading time\" \/>\n\t<meta name=\"twitter:data1\" content=\"3 minutos\" \/>\n<script type=\"application\/ld+json\" class=\"yoast-schema-graph\">{\"@context\":\"https:\\\/\\\/schema.org\",\"@graph\":[{\"@type\":\"WebPage\",\"@id\":\"https:\\\/\\\/www.virtusadvocats.com\\\/contacte\\\/\",\"url\":\"https:\\\/\\\/www.virtusadvocats.com\\\/contacte\\\/\",\"name\":\"Contacte: Escoltem els nostres clients - Virtus Advocats\",\"isPartOf\":{\"@id\":\"https:\\\/\\\/www.virtusadvocats.com\\\/#website\"},\"primaryImageOfPage\":{\"@id\":\"https:\\\/\\\/www.virtusadvocats.com\\\/contacte\\\/#primaryimage\"},\"image\":{\"@id\":\"https:\\\/\\\/www.virtusadvocats.com\\\/contacte\\\/#primaryimage\"},\"thumbnailUrl\":\"https:\\\/\\\/www.virtusadvocats.com\\\/wp-content\\\/uploads\\\/2020\\\/03\\\/head-contacte.jpg\",\"datePublished\":\"2020-03-09T10:34:53+00:00\",\"dateModified\":\"2022-07-08T11:49:59+00:00\",\"description\":\"Contacte: Escoltem els nostres clients. Contacta amb nosaltres per a m\u00e9s informaci\u00f3 dels nostres serveis. Vols una propos\",\"breadcrumb\":{\"@id\":\"https:\\\/\\\/www.virtusadvocats.com\\\/contacte\\\/#breadcrumb\"},\"inLanguage\":\"es-PE\",\"potentialAction\":[{\"@type\":\"ReadAction\",\"target\":[\"https:\\\/\\\/www.virtusadvocats.com\\\/contacte\\\/\"]}]},{\"@type\":\"ImageObject\",\"inLanguage\":\"es-PE\",\"@id\":\"https:\\\/\\\/www.virtusadvocats.com\\\/contacte\\\/#primaryimage\",\"url\":\"https:\\\/\\\/www.virtusadvocats.com\\\/wp-content\\\/uploads\\\/2020\\\/03\\\/head-contacte.jpg\",\"contentUrl\":\"https:\\\/\\\/www.virtusadvocats.com\\\/wp-content\\\/uploads\\\/2020\\\/03\\\/head-contacte.jpg\",\"width\":1024,\"height\":252,\"caption\":\"virtus advocats\"},{\"@type\":\"BreadcrumbList\",\"@id\":\"https:\\\/\\\/www.virtusadvocats.com\\\/contacte\\\/#breadcrumb\",\"itemListElement\":[{\"@type\":\"ListItem\",\"position\":1,\"name\":\"Portada\",\"item\":\"https:\\\/\\\/www.virtusadvocats.com\\\/\"},{\"@type\":\"ListItem\",\"position\":2,\"name\":\"Contacte\"}]},{\"@type\":\"WebSite\",\"@id\":\"https:\\\/\\\/www.virtusadvocats.com\\\/#website\",\"url\":\"https:\\\/\\\/www.virtusadvocats.com\\\/\",\"name\":\"Virtus Advocats\",\"description\":\"Professionals del dret i de l&#039;economia\",\"publisher\":{\"@id\":\"https:\\\/\\\/www.virtusadvocats.com\\\/#organization\"},\"potentialAction\":[{\"@type\":\"SearchAction\",\"target\":{\"@type\":\"EntryPoint\",\"urlTemplate\":\"https:\\\/\\\/www.virtusadvocats.com\\\/?s={search_term_string}\"},\"query-input\":{\"@type\":\"PropertyValueSpecification\",\"valueRequired\":true,\"valueName\":\"search_term_string\"}}],\"inLanguage\":\"es-PE\"},{\"@type\":\"Organization\",\"@id\":\"https:\\\/\\\/www.virtusadvocats.com\\\/#organization\",\"name\":\"Virtus Advocats\",\"url\":\"https:\\\/\\\/www.virtusadvocats.com\\\/\",\"logo\":{\"@type\":\"ImageObject\",\"inLanguage\":\"es-PE\",\"@id\":\"https:\\\/\\\/www.virtusadvocats.com\\\/#\\\/schema\\\/logo\\\/image\\\/\",\"url\":\"https:\\\/\\\/www.virtusadvocats.com\\\/wp-content\\\/uploads\\\/2020\\\/04\\\/android-icon-192x192-1.png\",\"contentUrl\":\"https:\\\/\\\/www.virtusadvocats.com\\\/wp-content\\\/uploads\\\/2020\\\/04\\\/android-icon-192x192-1.png\",\"width\":192,\"height\":192,\"caption\":\"Virtus Advocats\"},\"image\":{\"@id\":\"https:\\\/\\\/www.virtusadvocats.com\\\/#\\\/schema\\\/logo\\\/image\\\/\"},\"sameAs\":[\"https:\\\/\\\/www.linkedin.com\\\/company\\\/virtus-advocats\\\/\"]}]}<\/script>\n<!-- \/ Yoast SEO plugin. -->","yoast_head_json":{"title":"Contacto: Escuchamos a nuestros clientes - Virtus Abogados","description":"Contacte: Escoltem els nostres clients. Contacta amb nosaltres per a m\u00e9s informaci\u00f3 dels nostres serveis. Vols una propos","robots":{"index":"index","follow":"follow","max-snippet":"max-snippet:-1","max-image-preview":"max-image-preview:large","max-video-preview":"max-video-preview:-1"},"canonical":"https:\/\/www.virtusadvocats.com\/es\/contacte\/","og_locale":"es_ES","og_type":"article","og_title":"Contacte: Escoltem els nostres clients - Virtus Advocats","og_description":"Contacte: Escoltem els nostres clients. Contacta amb nosaltres per a m\u00e9s informaci\u00f3 dels nostres serveis. Vols una propos","og_url":"https:\/\/www.virtusadvocats.com\/es\/contacte\/","og_site_name":"Virtus Advocats","article_modified_time":"2022-07-08T11:49:59+00:00","og_image":[{"width":1024,"height":252,"url":"https:\/\/www.virtusadvocats.com\/wp-content\/uploads\/2020\/03\/head-contacte.jpg","type":"image\/jpeg"}],"twitter_card":"summary_large_image","twitter_misc":{"Est. reading time":"3 minutos"},"schema":{"@context":"https:\/\/schema.org","@graph":[{"@type":"WebPage","@id":"https:\/\/www.virtusadvocats.com\/contacte\/","url":"https:\/\/www.virtusadvocats.com\/contacte\/","name":"Contacto: Escuchamos a nuestros clientes - Virtus Abogados","isPartOf":{"@id":"https:\/\/www.virtusadvocats.com\/#website"},"primaryImageOfPage":{"@id":"https:\/\/www.virtusadvocats.com\/contacte\/#primaryimage"},"image":{"@id":"https:\/\/www.virtusadvocats.com\/contacte\/#primaryimage"},"thumbnailUrl":"https:\/\/www.virtusadvocats.com\/wp-content\/uploads\/2020\/03\/head-contacte.jpg","datePublished":"2020-03-09T10:34:53+00:00","dateModified":"2022-07-08T11:49:59+00:00","description":"Contacte: Escoltem els nostres clients. Contacta amb nosaltres per a m\u00e9s informaci\u00f3 dels nostres serveis. Vols una propos","breadcrumb":{"@id":"https:\/\/www.virtusadvocats.com\/contacte\/#breadcrumb"},"inLanguage":"es-PE","potentialAction":[{"@type":"ReadAction","target":["https:\/\/www.virtusadvocats.com\/contacte\/"]}]},{"@type":"ImageObject","inLanguage":"es-PE","@id":"https:\/\/www.virtusadvocats.com\/contacte\/#primaryimage","url":"https:\/\/www.virtusadvocats.com\/wp-content\/uploads\/2020\/03\/head-contacte.jpg","contentUrl":"https:\/\/www.virtusadvocats.com\/wp-content\/uploads\/2020\/03\/head-contacte.jpg","width":1024,"height":252,"caption":"virtus advocats"},{"@type":"BreadcrumbList","@id":"https:\/\/www.virtusadvocats.com\/contacte\/#breadcrumb","itemListElement":[{"@type":"ListItem","position":1,"name":"Portada","item":"https:\/\/www.virtusadvocats.com\/"},{"@type":"ListItem","position":2,"name":"Contacte"}]},{"@type":"WebSite","@id":"https:\/\/www.virtusadvocats.com\/#website","url":"https:\/\/www.virtusadvocats.com\/","name":"Virtus Advocats","description":"Professionals del dret i de l&#039;economia","publisher":{"@id":"https:\/\/www.virtusadvocats.com\/#organization"},"potentialAction":[{"@type":"SearchAction","target":{"@type":"EntryPoint","urlTemplate":"https:\/\/www.virtusadvocats.com\/?s={search_term_string}"},"query-input":{"@type":"PropertyValueSpecification","valueRequired":true,"valueName":"search_term_string"}}],"inLanguage":"es-PE"},{"@type":"Organization","@id":"https:\/\/www.virtusadvocats.com\/#organization","name":"Virtus Advocats","url":"https:\/\/www.virtusadvocats.com\/","logo":{"@type":"ImageObject","inLanguage":"es-PE","@id":"https:\/\/www.virtusadvocats.com\/#\/schema\/logo\/image\/","url":"https:\/\/www.virtusadvocats.com\/wp-content\/uploads\/2020\/04\/android-icon-192x192-1.png","contentUrl":"https:\/\/www.virtusadvocats.com\/wp-content\/uploads\/2020\/04\/android-icon-192x192-1.png","width":192,"height":192,"caption":"Virtus Advocats"},"image":{"@id":"https:\/\/www.virtusadvocats.com\/#\/schema\/logo\/image\/"},"sameAs":["https:\/\/www.linkedin.com\/company\/virtus-advocats\/"]}]}},"_links":{"self":[{"href":"https:\/\/www.virtusadvocats.com\/es\/wp-json\/wp\/v2\/pages\/15","targetHints":{"allow":["GET"]}}],"collection":[{"href":"https:\/\/www.virtusadvocats.com\/es\/wp-json\/wp\/v2\/pages"}],"about":[{"href":"https:\/\/www.virtusadvocats.com\/es\/wp-json\/wp\/v2\/types\/page"}],"author":[{"embeddable":true,"href":"https:\/\/www.virtusadvocats.com\/es\/wp-json\/wp\/v2\/users\/1"}],"replies":[{"embeddable":true,"href":"https:\/\/www.virtusadvocats.com\/es\/wp-json\/wp\/v2\/comments?post=15"}],"version-history":[{"count":41,"href":"https:\/\/www.virtusadvocats.com\/es\/wp-json\/wp\/v2\/pages\/15\/revisions"}],"predecessor-version":[{"id":1151,"href":"https:\/\/www.virtusadvocats.com\/es\/wp-json\/wp\/v2\/pages\/15\/revisions\/1151"}],"wp:featuredmedia":[{"embeddable":true,"href":"https:\/\/www.virtusadvocats.com\/es\/wp-json\/wp\/v2\/media\/207"}],"wp:attachment":[{"href":"https:\/\/www.virtusadvocats.com\/es\/wp-json\/wp\/v2\/media?parent=15"}],"curies":[{"name":"wp","href":"https:\/\/api.w.org\/{rel}","templated":true}]}}