{"id":76,"date":"2020-03-09T12:31:16","date_gmt":"2020-03-09T12:31:16","guid":{"rendered":"http:\/\/www.virtusadvocats.com\/?page_id=76"},"modified":"2021-07-16T12:31:39","modified_gmt":"2021-07-16T10:31:39","slug":"mercantil-i-societari","status":"publish","type":"page","link":"https:\/\/www.virtusadvocats.com\/es\/mercantil-societario\/","title":{"rendered":"Mercantil y societario"},"content":{"rendered":"<div class=\"wpb-content-wrapper\"><div data-parent=\"true\" class=\"vc_row row-container\" id=\"row-unique-0\"><div class=\"row-background background-element\">\n\t\t\t\t\t\t\t\t\t\t\t<div class=\"background-wrapper\">\n\t\t\t\t\t\t\t\t\t\t\t\t<div class=\"background-inner\" style=\"background-image: url(https:\/\/www.virtusadvocats.com\/wp-content\/uploads\/2020\/03\/virtus-gestions.png);background-repeat: no-repeat;background-position: center center;background-attachment: scroll;background-size: cover;\"><\/div>\n\t\t\t\t\t\t\t\t\t\t\t\t<div class=\"block-bg-overlay style-color-627511-bg\" style=\"opacity: 0.1;\"><\/div>\n\t\t\t\t\t\t\t\t\t\t\t<\/div>\n\t\t\t\t\t\t\t\t\t\t<\/div><div class=\"row limit-width row-parent\" data-minheight=\"353\"><div class=\"wpb_row row-inner\"><div class=\"wpb_column pos-middle pos-center align_center column_parent col-lg-12 single-internal-gutter\"><div class=\"uncol style-spec style-dark\"  ><div class=\"uncoltable\"><div class=\"uncell no-block-padding\" ><div class=\"uncont\" ><div class=\"vc_custom_heading_wrap\"><div class=\"heading-text el-text\" ><\/p>\n<h2>Mercantil y societario<\/h2>\n<p>\n<\/div><div class=\"clear\"><\/div><\/div><\/div><\/div><\/div><\/div><\/div><script id=\"script-row-unique-0\" data-row=\"script-row-unique-0\" type=\"text\/javascript\" class=\"vc_controls\">UNCODE.initRow(document.getElementById(\"row-unique-0\"));<\/script><\/div><\/div><\/div><div data-parent=\"true\" class=\"vc_row row-container\" id=\"row-unique-1\"><div class=\"row limit-width row-parent\"><div class=\"wpb_row row-inner\"><div class=\"wpb_column pos-middle pos-center align_center column_parent col-lg-12 single-internal-gutter\"><div class=\"uncol style-light\"  ><div class=\"uncoltable\"><div class=\"uncell no-block-padding\" ><div class=\"uncont\" ><div class=\"vc_custom_heading_wrap\"><div class=\"heading-text el-text\" ><h2 class=\"h2\" ><span><\/p><\/span><span><h2 class=\"serveititol\"><em>La seguridad legal y fiscal en las operaciones econ\u00f3micas es un elemento clave de competitividad y aporta valor a las empresas<br \/><\/span><span><\/em><\/h2><\/span><span><p><\/span><\/h2><\/div><div class=\"clear\"><\/div><\/div><div class=\"vc_custom_heading_wrap\"><div class=\"heading-text el-text\" ><\/p>\n<h2><a href=\"https:\/\/www.virtusadvocats.com\/es\/contacte\/\">\u00bfC\u00f3mo crear su empresa en Andorra?<\/a><\/h2>\n<h4 class=\"servei01\" style=\"text-align: justify;\"><em>La seguridad jur\u00eddica es esencial en la actividad econ\u00f3mica y desgraciadamente nuestro sistema legal y fiscal no siempre aportan una respuesta \u00fanica y clara en el desarrollo de las operaciones econ\u00f3micas, y esto requiere del asesoramiento adecuado en la planificaci\u00f3n de las actividades. Vitales para abrir su empresa en Andorra.<\/em><\/h4>\n<p class=\"servei02 text-center\" style=\"text-align: justify;\">Asimismo, un funcionamiento societario correcto es una garant\u00eda de los derechos de los accionistas y de los terceros que se relacionan con la sociedad.<\/p>\n<p>\n<\/div><div class=\"clear\"><\/div><\/div><div class=\"divider-wrapper\"  >\n    <hr class=\"unseparator border-default-color separator-no-padding\"  \/>\n<\/div>\n<div class=\"vc_custom_heading_wrap\"><div class=\"heading-text el-text\" ><\/p>\n<h2>Nuestros servicios<\/h2>\n<p>\n<\/div><div class=\"clear\"><\/div><\/div><div class=\"uncode_text_column\" ><\/p>\n<ul class=\"servei02\">\n<li style=\"text-align: justify;\">Solicitud de inversi\u00f3n extranjera.<\/li>\n<li style=\"text-align: justify;\">Redacci\u00f3n de estatutos.<\/li>\n<li style=\"text-align: justify;\">Constituci\u00f3n de la sociedad y creaci\u00f3n de la empresa en Andorra.<\/li>\n<li style=\"text-align: justify;\">Modificaci\u00f3n de estatutos.<\/li>\n<li style=\"text-align: justify;\">Redacci\u00f3n de actos sociales.<\/li>\n<li style=\"text-align: justify;\">Apertura de comercio y sus modificaciones (traslado domicilio, cambio de reserva de nombre comercial, cambio titular ...)<\/li>\n<li style=\"text-align: justify;\">Registro de marcas.<\/li>\n<li style=\"text-align: justify;\">Disoluci\u00f3n, liquidaci\u00f3n y extinci\u00f3n de sociedades.<\/li>\n<li style=\"text-align: justify;\">Alta Censal cerca de la Agencia Tributaria.<\/li>\n<li style=\"text-align: justify;\">Obtenci\u00f3n del NRT de la sociedad.<\/li>\n<li style=\"text-align: justify;\">Solicitud de ejercicio de profesi\u00f3n titulada.<\/li>\n<li style=\"text-align: justify;\">Obtenci\u00f3n y legalizaci\u00f3n de libros de actas y de socios.<\/li>\n<li style=\"text-align: justify;\">Baja de comercio.<\/li>\n<\/ul>\n<p>\n<\/div><\/div><\/div><\/div><\/div><\/div><script id=\"script-row-unique-1\" data-row=\"script-row-unique-1\" type=\"text\/javascript\" class=\"vc_controls\">UNCODE.initRow(document.getElementById(\"row-unique-1\"));<\/script><\/div><\/div><\/div><div data-parent=\"true\" class=\"vc_row row-container\" id=\"row-unique-2\"><div class=\"row-background background-element\">\n\t\t\t\t\t\t\t\t\t\t\t<div class=\"background-wrapper\">\n\t\t\t\t\t\t\t\t\t\t\t\t<div class=\"background-inner\" style=\"background-image: url(https:\/\/www.virtusadvocats.com\/wp-content\/uploads\/2020\/03\/calltoaction.jpg);background-repeat: no-repeat;background-position: center center;background-attachment: scroll;background-size: cover;\"><\/div>\n\t\t\t\t\t\t\t\t\t\t\t\t\n\t\t\t\t\t\t\t\t\t\t\t<\/div>\n\t\t\t\t\t\t\t\t\t\t<\/div><div class=\"row limit-width row-parent\" data-minheight=\"258\"><div class=\"wpb_row row-inner\"><div class=\"wpb_column pos-middle pos-center align_center column_parent col-lg-12 single-internal-gutter\"><div class=\"uncol style-spec style-dark\"  ><div class=\"uncoltable\"><div class=\"uncell no-block-padding\" ><div class=\"uncont\" ><div class=\"vc_custom_heading_wrap\"><div class=\"heading-text el-text\" ><\/p>\n<h2><span style=\"font-size: 12pt;\">PARA M\u00c1S INFORMACI\u00d3N SOBRE COMO CREAR SU EMPRESA EN ANDORRA<\/span><\/h2>\n<p>\n<\/div><div class=\"clear\"><\/div><\/div><span class=\"btn-container\" ><a role=\"button\"  href=\"https:\/\/www.virtusadvocats.com\/es\/contacte\/\" class=\"custom-link btn btn-xl border-width-0 btn-color-627511 btn-icon-left\" title=\"Contacto\"><i class=\"fa fa-envelope-o\"><\/i>ENVIA&#8217;NS LA TEVA CONSULTA<\/a><\/span><\/div><\/div><\/div><\/div><\/div><script id=\"script-row-unique-2\" data-row=\"script-row-unique-2\" type=\"text\/javascript\" class=\"vc_controls\">UNCODE.initRow(document.getElementById(\"row-unique-2\"));<\/script><\/div><\/div><\/div>\n<\/div>","protected":false},"excerpt":{"rendered":"Mercantil i societari La seguretat legal i fiscal en les operacions econ\u00f2miques \u00e9s un element clau de competitivitat i aporta [...]","protected":false},"author":1,"featured_media":125,"parent":0,"menu_order":0,"comment_status":"closed","ping_status":"closed","template":"","meta":{"footnotes":""},"class_list":["post-76","page","type-page","status-publish","has-post-thumbnail","hentry"],"yoast_head":"<!-- This site is optimized with the Yoast SEO plugin v27.5 - https:\/\/yoast.com\/product\/yoast-seo-wordpress\/ -->\n<title>Mercantil i societari - Seguretat legal i fiscal - Virtus Advocats<\/title>\n<meta name=\"description\" content=\"Mercantil i societari. La seguretat legal i fiscal en les operacions econ\u00f2miques \u00e9s un element clau de competitivitat i aporta valor a les empreses.\" \/>\n<meta name=\"robots\" content=\"index, follow, max-snippet:-1, max-image-preview:large, max-video-preview:-1\" \/>\n<link rel=\"canonical\" href=\"https:\/\/www.virtusadvocats.com\/es\/mercantil-i-societari\/\" \/>\n<meta property=\"og:locale\" content=\"es_ES\" \/>\n<meta property=\"og:type\" content=\"article\" \/>\n<meta property=\"og:title\" content=\"Mercantil i societari - Seguretat legal i fiscal - Virtus Advocats\" \/>\n<meta property=\"og:description\" content=\"Mercantil i societari. La seguretat legal i fiscal en les operacions econ\u00f2miques \u00e9s un element clau de competitivitat i aporta valor a les empreses.\" \/>\n<meta property=\"og:url\" content=\"https:\/\/www.virtusadvocats.com\/es\/mercantil-i-societari\/\" \/>\n<meta property=\"og:site_name\" content=\"Virtus Advocats\" \/>\n<meta property=\"article:modified_time\" content=\"2021-07-16T10:31:39+00:00\" \/>\n<meta property=\"og:image\" content=\"https:\/\/www.virtusadvocats.com\/wp-content\/uploads\/2020\/03\/virtus-mercantil.png\" \/>\n\t<meta property=\"og:image:width\" content=\"831\" \/>\n\t<meta property=\"og:image:height\" content=\"600\" \/>\n\t<meta property=\"og:image:type\" content=\"image\/png\" \/>\n<meta name=\"twitter:card\" content=\"summary_large_image\" \/>\n<meta name=\"twitter:label1\" content=\"Est. reading time\" \/>\n\t<meta name=\"twitter:data1\" content=\"2 minutos\" \/>\n<script type=\"application\/ld+json\" class=\"yoast-schema-graph\">{\"@context\":\"https:\\\/\\\/schema.org\",\"@graph\":[{\"@type\":\"WebPage\",\"@id\":\"https:\\\/\\\/www.virtusadvocats.com\\\/mercantil-i-societari\\\/\",\"url\":\"https:\\\/\\\/www.virtusadvocats.com\\\/mercantil-i-societari\\\/\",\"name\":\"Mercantil i societari - Seguretat legal i fiscal - Virtus Advocats\",\"isPartOf\":{\"@id\":\"https:\\\/\\\/www.virtusadvocats.com\\\/#website\"},\"primaryImageOfPage\":{\"@id\":\"https:\\\/\\\/www.virtusadvocats.com\\\/mercantil-i-societari\\\/#primaryimage\"},\"image\":{\"@id\":\"https:\\\/\\\/www.virtusadvocats.com\\\/mercantil-i-societari\\\/#primaryimage\"},\"thumbnailUrl\":\"https:\\\/\\\/www.virtusadvocats.com\\\/wp-content\\\/uploads\\\/2020\\\/03\\\/virtus-mercantil.png\",\"datePublished\":\"2020-03-09T12:31:16+00:00\",\"dateModified\":\"2021-07-16T10:31:39+00:00\",\"description\":\"Mercantil i societari. La seguretat legal i fiscal en les operacions econ\u00f2miques \u00e9s un element clau de competitivitat i aporta valor a les empreses.\",\"breadcrumb\":{\"@id\":\"https:\\\/\\\/www.virtusadvocats.com\\\/mercantil-i-societari\\\/#breadcrumb\"},\"inLanguage\":\"es-PE\",\"potentialAction\":[{\"@type\":\"ReadAction\",\"target\":[\"https:\\\/\\\/www.virtusadvocats.com\\\/mercantil-i-societari\\\/\"]}]},{\"@type\":\"ImageObject\",\"inLanguage\":\"es-PE\",\"@id\":\"https:\\\/\\\/www.virtusadvocats.com\\\/mercantil-i-societari\\\/#primaryimage\",\"url\":\"https:\\\/\\\/www.virtusadvocats.com\\\/wp-content\\\/uploads\\\/2020\\\/03\\\/virtus-mercantil.png\",\"contentUrl\":\"https:\\\/\\\/www.virtusadvocats.com\\\/wp-content\\\/uploads\\\/2020\\\/03\\\/virtus-mercantil.png\",\"width\":831,\"height\":600,\"caption\":\"Virtus Mercantil\"},{\"@type\":\"BreadcrumbList\",\"@id\":\"https:\\\/\\\/www.virtusadvocats.com\\\/mercantil-i-societari\\\/#breadcrumb\",\"itemListElement\":[{\"@type\":\"ListItem\",\"position\":1,\"name\":\"Portada\",\"item\":\"https:\\\/\\\/www.virtusadvocats.com\\\/\"},{\"@type\":\"ListItem\",\"position\":2,\"name\":\"Mercantil i societari\"}]},{\"@type\":\"WebSite\",\"@id\":\"https:\\\/\\\/www.virtusadvocats.com\\\/#website\",\"url\":\"https:\\\/\\\/www.virtusadvocats.com\\\/\",\"name\":\"Virtus Advocats\",\"description\":\"Professionals del dret i de l&#039;economia\",\"publisher\":{\"@id\":\"https:\\\/\\\/www.virtusadvocats.com\\\/#organization\"},\"potentialAction\":[{\"@type\":\"SearchAction\",\"target\":{\"@type\":\"EntryPoint\",\"urlTemplate\":\"https:\\\/\\\/www.virtusadvocats.com\\\/?s={search_term_string}\"},\"query-input\":{\"@type\":\"PropertyValueSpecification\",\"valueRequired\":true,\"valueName\":\"search_term_string\"}}],\"inLanguage\":\"es-PE\"},{\"@type\":\"Organization\",\"@id\":\"https:\\\/\\\/www.virtusadvocats.com\\\/#organization\",\"name\":\"Virtus Advocats\",\"url\":\"https:\\\/\\\/www.virtusadvocats.com\\\/\",\"logo\":{\"@type\":\"ImageObject\",\"inLanguage\":\"es-PE\",\"@id\":\"https:\\\/\\\/www.virtusadvocats.com\\\/#\\\/schema\\\/logo\\\/image\\\/\",\"url\":\"https:\\\/\\\/www.virtusadvocats.com\\\/wp-content\\\/uploads\\\/2020\\\/04\\\/android-icon-192x192-1.png\",\"contentUrl\":\"https:\\\/\\\/www.virtusadvocats.com\\\/wp-content\\\/uploads\\\/2020\\\/04\\\/android-icon-192x192-1.png\",\"width\":192,\"height\":192,\"caption\":\"Virtus Advocats\"},\"image\":{\"@id\":\"https:\\\/\\\/www.virtusadvocats.com\\\/#\\\/schema\\\/logo\\\/image\\\/\"},\"sameAs\":[\"https:\\\/\\\/www.linkedin.com\\\/company\\\/virtus-advocats\\\/\"]}]}<\/script>\n<!-- \/ Yoast SEO plugin. -->","yoast_head_json":{"title":"Mercantil y societario - Seguridad legal y fiscal - Virtus Abogados","description":"Mercantil i societari. La seguretat legal i fiscal en les operacions econ\u00f2miques \u00e9s un element clau de competitivitat i aporta valor a les empreses.","robots":{"index":"index","follow":"follow","max-snippet":"max-snippet:-1","max-image-preview":"max-image-preview:large","max-video-preview":"max-video-preview:-1"},"canonical":"https:\/\/www.virtusadvocats.com\/es\/mercantil-i-societari\/","og_locale":"es_ES","og_type":"article","og_title":"Mercantil i societari - Seguretat legal i fiscal - Virtus Advocats","og_description":"Mercantil i societari. La seguretat legal i fiscal en les operacions econ\u00f2miques \u00e9s un element clau de competitivitat i aporta valor a les empreses.","og_url":"https:\/\/www.virtusadvocats.com\/es\/mercantil-i-societari\/","og_site_name":"Virtus Advocats","article_modified_time":"2021-07-16T10:31:39+00:00","og_image":[{"width":831,"height":600,"url":"https:\/\/www.virtusadvocats.com\/wp-content\/uploads\/2020\/03\/virtus-mercantil.png","type":"image\/png"}],"twitter_card":"summary_large_image","twitter_misc":{"Est. reading time":"2 minutos"},"schema":{"@context":"https:\/\/schema.org","@graph":[{"@type":"WebPage","@id":"https:\/\/www.virtusadvocats.com\/mercantil-i-societari\/","url":"https:\/\/www.virtusadvocats.com\/mercantil-i-societari\/","name":"Mercantil y societario - Seguridad legal y fiscal - Virtus Abogados","isPartOf":{"@id":"https:\/\/www.virtusadvocats.com\/#website"},"primaryImageOfPage":{"@id":"https:\/\/www.virtusadvocats.com\/mercantil-i-societari\/#primaryimage"},"image":{"@id":"https:\/\/www.virtusadvocats.com\/mercantil-i-societari\/#primaryimage"},"thumbnailUrl":"https:\/\/www.virtusadvocats.com\/wp-content\/uploads\/2020\/03\/virtus-mercantil.png","datePublished":"2020-03-09T12:31:16+00:00","dateModified":"2021-07-16T10:31:39+00:00","description":"Mercantil i societari. La seguretat legal i fiscal en les operacions econ\u00f2miques \u00e9s un element clau de competitivitat i aporta valor a les empreses.","breadcrumb":{"@id":"https:\/\/www.virtusadvocats.com\/mercantil-i-societari\/#breadcrumb"},"inLanguage":"es-PE","potentialAction":[{"@type":"ReadAction","target":["https:\/\/www.virtusadvocats.com\/mercantil-i-societari\/"]}]},{"@type":"ImageObject","inLanguage":"es-PE","@id":"https:\/\/www.virtusadvocats.com\/mercantil-i-societari\/#primaryimage","url":"https:\/\/www.virtusadvocats.com\/wp-content\/uploads\/2020\/03\/virtus-mercantil.png","contentUrl":"https:\/\/www.virtusadvocats.com\/wp-content\/uploads\/2020\/03\/virtus-mercantil.png","width":831,"height":600,"caption":"Virtus Mercantil"},{"@type":"BreadcrumbList","@id":"https:\/\/www.virtusadvocats.com\/mercantil-i-societari\/#breadcrumb","itemListElement":[{"@type":"ListItem","position":1,"name":"Portada","item":"https:\/\/www.virtusadvocats.com\/"},{"@type":"ListItem","position":2,"name":"Mercantil i societari"}]},{"@type":"WebSite","@id":"https:\/\/www.virtusadvocats.com\/#website","url":"https:\/\/www.virtusadvocats.com\/","name":"Virtus Advocats","description":"Professionals del dret i de l&#039;economia","publisher":{"@id":"https:\/\/www.virtusadvocats.com\/#organization"},"potentialAction":[{"@type":"SearchAction","target":{"@type":"EntryPoint","urlTemplate":"https:\/\/www.virtusadvocats.com\/?s={search_term_string}"},"query-input":{"@type":"PropertyValueSpecification","valueRequired":true,"valueName":"search_term_string"}}],"inLanguage":"es-PE"},{"@type":"Organization","@id":"https:\/\/www.virtusadvocats.com\/#organization","name":"Virtus Advocats","url":"https:\/\/www.virtusadvocats.com\/","logo":{"@type":"ImageObject","inLanguage":"es-PE","@id":"https:\/\/www.virtusadvocats.com\/#\/schema\/logo\/image\/","url":"https:\/\/www.virtusadvocats.com\/wp-content\/uploads\/2020\/04\/android-icon-192x192-1.png","contentUrl":"https:\/\/www.virtusadvocats.com\/wp-content\/uploads\/2020\/04\/android-icon-192x192-1.png","width":192,"height":192,"caption":"Virtus Advocats"},"image":{"@id":"https:\/\/www.virtusadvocats.com\/#\/schema\/logo\/image\/"},"sameAs":["https:\/\/www.linkedin.com\/company\/virtus-advocats\/"]}]}},"_links":{"self":[{"href":"https:\/\/www.virtusadvocats.com\/es\/wp-json\/wp\/v2\/pages\/76","targetHints":{"allow":["GET"]}}],"collection":[{"href":"https:\/\/www.virtusadvocats.com\/es\/wp-json\/wp\/v2\/pages"}],"about":[{"href":"https:\/\/www.virtusadvocats.com\/es\/wp-json\/wp\/v2\/types\/page"}],"author":[{"embeddable":true,"href":"https:\/\/www.virtusadvocats.com\/es\/wp-json\/wp\/v2\/users\/1"}],"replies":[{"embeddable":true,"href":"https:\/\/www.virtusadvocats.com\/es\/wp-json\/wp\/v2\/comments?post=76"}],"version-history":[{"count":22,"href":"https:\/\/www.virtusadvocats.com\/es\/wp-json\/wp\/v2\/pages\/76\/revisions"}],"predecessor-version":[{"id":1204,"href":"https:\/\/www.virtusadvocats.com\/es\/wp-json\/wp\/v2\/pages\/76\/revisions\/1204"}],"wp:featuredmedia":[{"embeddable":true,"href":"https:\/\/www.virtusadvocats.com\/es\/wp-json\/wp\/v2\/media\/125"}],"wp:attachment":[{"href":"https:\/\/www.virtusadvocats.com\/es\/wp-json\/wp\/v2\/media?parent=76"}],"curies":[{"name":"wp","href":"https:\/\/api.w.org\/{rel}","templated":true}]}}