{"id":285,"date":"2020-03-13T12:00:17","date_gmt":"2020-03-13T12:00:17","guid":{"rendered":"http:\/\/www.virtusadvocats.com\/?page_id=285"},"modified":"2020-05-04T09:07:18","modified_gmt":"2020-05-04T09:07:18","slug":"avis-legal","status":"publish","type":"page","link":"https:\/\/www.virtusadvocats.com\/fr\/avis-juridique\/","title":{"rendered":"Mentions l\u00e9gales"},"content":{"rendered":"<div class=\"wpb-content-wrapper\"><div data-parent=\"true\" class=\"vc_row row-container\" id=\"row-unique-0\"><div class=\"row-background background-element\">\n\t\t\t\t\t\t\t\t\t\t\t<div class=\"background-wrapper\">\n\t\t\t\t\t\t\t\t\t\t\t\t<div class=\"background-inner\" style=\"background-image: url(https:\/\/www.virtusadvocats.com\/wp-content\/uploads\/2020\/03\/virtus-familia.png);background-repeat: no-repeat;background-position: center center;background-attachment: scroll;background-size: cover;\"><\/div>\n\t\t\t\t\t\t\t\t\t\t\t\t<div class=\"block-bg-overlay style-color-627511-bg\" style=\"opacity: 0.1;\"><\/div>\n\t\t\t\t\t\t\t\t\t\t\t<\/div>\n\t\t\t\t\t\t\t\t\t\t<\/div><div class=\"row limit-width row-parent\" data-minheight=\"353\"><div class=\"wpb_row row-inner\"><div class=\"wpb_column pos-middle pos-center align_center column_parent col-lg-12 single-internal-gutter\"><div class=\"uncol style-spec style-dark\"  ><div class=\"uncoltable\"><div class=\"uncell no-block-padding\" ><div class=\"uncont\" ><div class=\"vc_custom_heading_wrap\"><div class=\"heading-text el-text\" ><\/p>\n<div class=\"servei_sup\">\n<h1>Mentions l\u00e9gales<\/h1>\n<\/div>\n<p>\n<\/div><div class=\"clear\"><\/div><\/div><\/div><\/div><\/div><\/div><\/div><script id=\"script-row-unique-0\" data-row=\"script-row-unique-0\" type=\"text\/javascript\" class=\"vc_controls\">UNCODE.initRow(document.getElementById(\"row-unique-0\"));<\/script><\/div><\/div><\/div><div data-parent=\"true\" class=\"vc_row row-container\" id=\"row-unique-1\"><div class=\"row limit-width row-parent\"><div class=\"wpb_row row-inner\"><div class=\"wpb_column pos-top pos-center align_left column_parent col-lg-12 single-internal-gutter\"><div class=\"uncol style-light\"  ><div class=\"uncoltable\"><div class=\"uncell no-block-padding\" ><div class=\"uncont\" ><div class=\"vc_row row-internal row-container\"><div class=\"row row-child\"><div class=\"wpb_row row-inner\"><div class=\"wpb_column pos-top pos-center align_left column_child col-lg-12 single-internal-gutter\"><div class=\"uncol style-light\" ><div class=\"uncoltable\"><div class=\"uncell no-block-padding\" ><div class=\"uncont\" ><div class=\"uncode_text_column\" ><\/p>\n<div class=\"container mt-5 mb-5\">\n<div class=\"row\">\n<div class=\"col-md-12\">\n<h1 class=\"mb-3\" style=\"text-align: justify;\">Mentions l\u00e9gales<\/h1>\n<p class=\"servei02\" style=\"text-align: justify;\">Le domaine virtusadvocats est un domaine Internet appartenant \u00e0 TAX &amp; LEGAL CONSULTING, SL, domicili\u00e9 rue Bonaventura Riberaygua, au num\u00e9ro 18, 1-1, d'Andorre-la-Vieille, t\u00e9l\u00e9phone ?+376 707010, email virtus@virtusadvocats.com<\/p>\n<h3 style=\"text-align: justify;\"><\/h3>\n<h3 style=\"text-align: justify;\">CONDITIONS G\u00c9N\u00c9RALES D'UTILISATION DU SITE DE VIRTUS ADVOCATS<\/h3>\n<p class=\"servei02\" style=\"text-align: justify;\">Ce site est la propri\u00e9t\u00e9 de TAX &amp; LEGAL CONSULTING, SL. Son utilisation est conditionn\u00e9e aux conditions d'utilisation suivantes. Veuillez les lire attentivement. L'acc\u00e8s \u00e0 ce site et l'utilisation du mat\u00e9riel qu'il contient impliquent que vous ayez lu et accept\u00e9, sans r\u00e9serve, ces conditions. \u00c9ventuellement, l'utilisation de l'un des espaces ou services contenus sur ce site peut \u00eatre soumise \u00e0 des conditions d'utilisation particuli\u00e8res. C'est notamment le cas du service en ligne, dont les conditions d'utilisation figurent sur les pages d'acc\u00e8s \u00e0 ce dernier. Veuillez lire attentivement les conditions ci-dessus. L'utilisation de ces services signifiera l'acceptation des conditions particuli\u00e8res qui leur sont applicables.<\/p>\n<h3 style=\"text-align: justify;\"><\/h3>\n<h3 style=\"text-align: justify;\">Conditions d'utilisation<\/h3>\n<p class=\"servei02\" style=\"text-align: justify;\">Ce site Web contient des documents pr\u00e9par\u00e9s par Virtus Advocats, dans un but uniquement informatif. L'utilisateur doit tenir compte du fait que le mat\u00e9riel peut ne pas refl\u00e9ter le dernier statut juridique ou jurisprudentiel des questions trait\u00e9es. De m\u00eame, ce mat\u00e9riel peut \u00eatre modifi\u00e9, d\u00e9velopp\u00e9 ou mis \u00e0 jour sans pr\u00e9avis. Les \u00e9l\u00e9ments contenus sur ce site ne peuvent en aucun cas \u00eatre consid\u00e9r\u00e9s comme substitutif \u00e0 du conseil juridique ou de toute autre nature. L'acc\u00e8s \u00e0 ces informations ne constitue en aucun cas une relation entre avocat et client ou toute autre relation de confiance ou professionnelle entre Virtus Advocats et l'utilisateur de ce site. C'est pourquoi l'utilisateur ne doit pas agir sur la base des informations qui y figurent sans avoir au pr\u00e9alable recours \u00e0 un conseil professionnel correspondant. Dans le m\u00eame temps, l'utilisateur n'a pas \u00e0 envoyer \u00e0 Virtus Advocats des informations confidentielles sans avoir pr\u00e9alablement consult\u00e9 l'un de nos avocats et avoir re\u00e7u de ces derniers l'autorisation de transmettre l'information mentionn\u00e9e. Les liens ou links pr\u00e9sents sur ce site peuvent conduire l'utilisateur \u00e0 d'autres sites et pages internet g\u00e9r\u00e9s par des tiers, sur lesquels Virtus Advocats n'exerce aucun type de contr\u00f4le ou de responsabilit\u00e9. Virtus Advocats ne r\u00e9pond ni du contenu ni de l'\u00e9tat desdits sites et pages internet, et l'acc\u00e8s \u00e0 ces derniers via ce site n'implique pas que Virtus Advocats recommande ou approuve son contenu.<\/p>\n<h3 style=\"text-align: justify;\"><\/h3>\n<h3 style=\"text-align: justify;\">Limitation de responsabilit\u00e9<\/h3>\n<p class=\"servei02\" style=\"text-align: justify;\">Qui utilise ce site le fait \u00e0 ses risques et p\u00e9rils. Virtus Advocats, ses associ\u00e9s, collaborateurs, employ\u00e9s et repr\u00e9sentants ne sont pas responsables des erreurs ou des omissions que le contenu de ce site peut pr\u00e9senter ou de tout autre contenu auquel il est possible d'acc\u00e9der via ce dernier. Virtus Advocats, ses associ\u00e9s, collaborateurs, employ\u00e9s et repr\u00e9sentants ne sauraient \u00eatre tenus pour responsables de tout dommage d\u00e9coulant de l'utilisation de ce site, ni de toute action effectu\u00e9e sur la base des informations fournies. Virtus Advocats ne garantit pas l'absence de virus ou d'autres \u00e9l\u00e9ments nuisibles pouvant entra\u00eener des dommages ou des alt\u00e9rations dans le syst\u00e8me informatique, aux documents \u00e9lectroniques ou aux fichiers de l'utilisateur de ce site. Par cons\u00e9quent, Virtus Advocats ne r\u00e9pond pas des dommages que ces \u00e9l\u00e9ments pourraient occasionner \u00e0 l'utilisateur ou \u00e0 des tiers.<\/p>\n<h3 style=\"text-align: justify;\"><\/h3>\n<h3 style=\"text-align: justify;\">Protection des donn\u00e9es<\/h3>\n<p class=\"servei02\" style=\"text-align: justify;\">Les informations re\u00e7ues par Virtus Advocats des utilisateurs de ce site internet, via des demandes en ligne ou la soumission de formulaires, sont trait\u00e9es avec la plus grande confidentialit\u00e9. Dans le cas de demandes en ligne, ces informations sont utilis\u00e9es exclusivement pour r\u00e9pondre aux questions pos\u00e9es. Les informations re\u00e7ues ne sont utilis\u00e9es \u00e0 aucune autre fin. Certains des services disponibles sur ce site n\u00e9cessitent la collecte de donn\u00e9es personnelles. Pour la fourniture de ces services, Virtus Advocats doit demander \u00e0 l'utilisateur certaines donn\u00e9es consid\u00e9r\u00e9es comme essentielles. Au cours du processus de collecte des donn\u00e9es, l'utilisateur sera inform\u00e9 de la nature n\u00e9cessaire des donn\u00e9es. Si ces donn\u00e9es obligatoires ne sont pas transmises, la fourniture de ces services ne sera pas possible. En ce qui concerne les donn\u00e9es demand\u00e9es de la mani\u00e8re d\u00e9crite dans les sections pr\u00e9c\u00e9dentes, l'utilisateur peut exercer les droits reconnus par la loi et, en particulier, les droits d'acc\u00e8s, de rectification ou de suppression des donn\u00e9es et d'opposition, le cas \u00e9ch\u00e9ant, ainsi que le droit de r\u00e9voquer le consentement donn\u00e9 pour le transfert de vos donn\u00e9es. Ces droits peuvent \u00eatre exerc\u00e9s par l\u2019utilisateur ou, le cas \u00e9ch\u00e9ant, par son repr\u00e9sentant, au moyen d'une demande \u00e9crite et sign\u00e9e, adress\u00e9e \u00e0 l'adresse \u00e9lectronique suivante virtus@virtusadvocats.com ou par courrier \u00e0 rue Bonaventura Riberaygua, num\u00e9ro 18, 1-1, Andorre la vieille. La demande devra contenir les informations suivantes : nom et pr\u00e9nom de l'utilisateur, adresse aux fins de notification, photocopie du passeport ou de la pi\u00e8ce d'identit\u00e9 nationale, et contenu sp\u00e9cifique du droit exerc\u00e9. Virtus Advocats stockera les donn\u00e9es personnelles r\u00e9colt\u00e9es et prendra les mesures n\u00e9cessaires pour \u00e9viter toute alt\u00e9ration, perte, traitement ou acc\u00e8s non autoris\u00e9. Virtus Advocats s'acquittera de ces devoirs conform\u00e9ment \u00e0 la r\u00e9glementation en vigueur.<\/p>\n<h3 style=\"text-align: justify;\"><\/h3>\n<h3 style=\"text-align: justify;\">Copyright \u00a9 2018 Tax &amp; Legal Consulting, SL Tous droits r\u00e9serv\u00e9s<\/h3>\n<p class=\"servei02\" style=\"text-align: justify;\">Les informations re\u00e7ues par Virtus Advocats des utilisateurs de ce site internet, via des demandes en ligne ou la soumission de formulaires, sont trait\u00e9es avec la plus grande confidentialit\u00e9. Dans le cas de demandes en ligne, ces informations sont utilis\u00e9es exclusivement pour r\u00e9pondre aux questions pos\u00e9es. Les informations re\u00e7ues ne sont utilis\u00e9es \u00e0 aucune autre fin. Certains des services disponibles sur ce site n\u00e9cessitent la collecte de donn\u00e9es personnelles. Pour la fourniture de ces services, Virtus Advocats doit demander \u00e0 l'utilisateur certaines donn\u00e9es consid\u00e9r\u00e9es comme essentielles. Au cours du processus de collecte des donn\u00e9es, l'utilisateur sera inform\u00e9 de la nature n\u00e9cessaire des donn\u00e9es. Si ces donn\u00e9es obligatoires ne sont pas transmises, la fourniture de ces services ne sera pas possible. En ce qui concerne les donn\u00e9es demand\u00e9es de la mani\u00e8re d\u00e9crite dans les sections pr\u00e9c\u00e9dentes, l'utilisateur peut exercer les droits reconnus par la loi et, en particulier, les droits d'acc\u00e8s, de rectification ou de suppression des donn\u00e9es et d'opposition, le cas \u00e9ch\u00e9ant, ainsi que le droit de r\u00e9voquer le consentement donn\u00e9 pour le transfert de vos donn\u00e9es. Ces droits peuvent \u00eatre exerc\u00e9s par l\u2019utilisateur ou, le cas \u00e9ch\u00e9ant, par son repr\u00e9sentant, au moyen d'une demande \u00e9crite et sign\u00e9e, adress\u00e9e \u00e0 l'adresse \u00e9lectronique suivante virtus@virtusadvocats.com ou par courrier \u00e0 rue Bonaventura Riberaygua, num\u00e9ro 18, 1-1, Andorre la vieille. La demande devra contenir les informations suivantes : nom et pr\u00e9nom de l'utilisateur, adresse aux fins de notification, photocopie du passeport ou de la pi\u00e8ce d'identit\u00e9 nationale, et contenu sp\u00e9cifique du droit exerc\u00e9. Virtus Advocats stockera les donn\u00e9es personnelles r\u00e9colt\u00e9es et prendra les mesures n\u00e9cessaires pour \u00e9viter toute alt\u00e9ration, perte, traitement ou acc\u00e8s non autoris\u00e9. Virtus Advocats s'acquittera de ces devoirs conform\u00e9ment \u00e0 la r\u00e9glementation en vigueur.<\/p>\n<h3 style=\"text-align: justify;\"><\/h3>\n<h3 style=\"text-align: justify;\">Propri\u00e9t\u00e9 intellectuelle et industrielle<\/h3>\n<p class=\"servei02\" style=\"text-align: justify;\">L'utilisateur peut consulter le contenu du site internet appartenant \u00e0 Virtus Advocats, pour son usage personnel et priv\u00e9 exclusif. L'utilisateur respectera \u00e0 tout moment tous les droits de propri\u00e9t\u00e9 intellectuelle et industrielle sur le site appartenant \u00e0 Virtus Advocats.<\/p>\n<h3 style=\"text-align: justify;\"><\/h3>\n<h3 style=\"text-align: justify;\">L\u00e9gislation et juridiction applicable.<\/h3>\n<p class=\"servei02\" style=\"text-align: justify;\">Ces conditions d'acc\u00e8s sont soumises aux lois andorranes et \u00e0 leurs tribunaux.<\/p>\n<\/div>\n<\/div>\n<\/div>\n<p>\n<\/div><\/div><\/div><\/div><\/div><\/div><\/div><\/div><\/div><\/div><\/div><\/div><\/div><\/div><script id=\"script-row-unique-1\" data-row=\"script-row-unique-1\" type=\"text\/javascript\" class=\"vc_controls\">UNCODE.initRow(document.getElementById(\"row-unique-1\"));<\/script><\/div><\/div><\/div><div data-parent=\"true\" class=\"vc_row row-container\" id=\"row-unique-2\"><div class=\"row-background background-element\">\n\t\t\t\t\t\t\t\t\t\t\t<div class=\"background-wrapper\">\n\t\t\t\t\t\t\t\t\t\t\t\t<div class=\"background-inner\" style=\"background-image: url(https:\/\/www.virtusadvocats.com\/wp-content\/uploads\/2020\/03\/calltoaction.jpg);background-repeat: no-repeat;background-position: center center;background-attachment: scroll;background-size: cover;\"><\/div>\n\t\t\t\t\t\t\t\t\t\t\t\t\n\t\t\t\t\t\t\t\t\t\t\t<\/div>\n\t\t\t\t\t\t\t\t\t\t<\/div><div class=\"row limit-width row-parent\" data-minheight=\"258\"><div class=\"wpb_row row-inner\"><div class=\"wpb_column pos-middle pos-center align_center column_parent col-lg-12 single-internal-gutter\"><div class=\"uncol style-spec style-dark\"  ><div class=\"uncoltable\"><div class=\"uncell no-block-padding\" ><div class=\"uncont\" ><div class=\"vc_custom_heading_wrap\"><div class=\"heading-text el-text\" ><\/p>\n<h1>CONTACTEZ-NOUS<\/h1>\n<p>\n<\/div><div class=\"clear\"><\/div><\/div><span class=\"btn-container\" ><a role=\"button\"  href=\"https:\/\/www.virtusadvocats.com\/fr\/contacte\/\" class=\"custom-link btn btn-xl border-width-0 btn-color-627511 btn-icon-left\" title=\"Contactez-nois\"><i class=\"fa fa-envelope-o\"><\/i>ENVIA&#8217;NS LA TEVA CONSULTA<\/a><\/span><\/div><\/div><\/div><\/div><\/div><script id=\"script-row-unique-2\" data-row=\"script-row-unique-2\" type=\"text\/javascript\" class=\"vc_controls\">UNCODE.initRow(document.getElementById(\"row-unique-2\"));<\/script><\/div><\/div><\/div>\n<\/div>","protected":false},"excerpt":{"rendered":"Av\u00eds legal Av\u00eds Legal El domini virtusadvocats \u00e9s un domini d\u2019Internet de titularitat de TAX &amp; LEGAL CONSULTING, SL, amb [...]","protected":false},"author":1,"featured_media":0,"parent":0,"menu_order":0,"comment_status":"closed","ping_status":"closed","template":"","meta":{"footnotes":""},"class_list":["post-285","page","type-page","status-publish","hentry"],"yoast_head":"<!-- This site is optimized with the Yoast SEO plugin v27.4 - https:\/\/yoast.com\/product\/yoast-seo-wordpress\/ -->\n<title>Av\u00eds legal - Virtus Advocats<\/title>\n<meta name=\"robots\" content=\"index, follow, max-snippet:-1, max-image-preview:large, max-video-preview:-1\" \/>\n<link rel=\"canonical\" href=\"https:\/\/www.virtusadvocats.com\/fr\/avis-legal\/\" \/>\n<meta property=\"og:locale\" content=\"fr_FR\" \/>\n<meta property=\"og:type\" content=\"article\" \/>\n<meta property=\"og:title\" content=\"Av\u00eds legal - Virtus Advocats\" \/>\n<meta property=\"og:url\" content=\"https:\/\/www.virtusadvocats.com\/fr\/avis-legal\/\" \/>\n<meta property=\"og:site_name\" content=\"Virtus Advocats\" \/>\n<meta property=\"article:modified_time\" content=\"2020-05-04T09:07:18+00:00\" \/>\n<meta name=\"twitter:card\" content=\"summary_large_image\" \/>\n<meta name=\"twitter:label1\" content=\"Dur\u00e9e de lecture estim\u00e9e\" \/>\n\t<meta name=\"twitter:data1\" content=\"8 minutes\" \/>\n<script type=\"application\/ld+json\" class=\"yoast-schema-graph\">{\"@context\":\"https:\\\/\\\/schema.org\",\"@graph\":[{\"@type\":\"WebPage\",\"@id\":\"https:\\\/\\\/www.virtusadvocats.com\\\/avis-legal\\\/\",\"url\":\"https:\\\/\\\/www.virtusadvocats.com\\\/avis-legal\\\/\",\"name\":\"Av\u00eds legal - Virtus Advocats\",\"isPartOf\":{\"@id\":\"https:\\\/\\\/www.virtusadvocats.com\\\/#website\"},\"datePublished\":\"2020-03-13T12:00:17+00:00\",\"dateModified\":\"2020-05-04T09:07:18+00:00\",\"breadcrumb\":{\"@id\":\"https:\\\/\\\/www.virtusadvocats.com\\\/avis-legal\\\/#breadcrumb\"},\"inLanguage\":\"fr-FR\",\"potentialAction\":[{\"@type\":\"ReadAction\",\"target\":[\"https:\\\/\\\/www.virtusadvocats.com\\\/avis-legal\\\/\"]}]},{\"@type\":\"BreadcrumbList\",\"@id\":\"https:\\\/\\\/www.virtusadvocats.com\\\/avis-legal\\\/#breadcrumb\",\"itemListElement\":[{\"@type\":\"ListItem\",\"position\":1,\"name\":\"Portada\",\"item\":\"https:\\\/\\\/www.virtusadvocats.com\\\/\"},{\"@type\":\"ListItem\",\"position\":2,\"name\":\"Av\u00eds legal\"}]},{\"@type\":\"WebSite\",\"@id\":\"https:\\\/\\\/www.virtusadvocats.com\\\/#website\",\"url\":\"https:\\\/\\\/www.virtusadvocats.com\\\/\",\"name\":\"Virtus Advocats\",\"description\":\"Professionals del dret i de l&#039;economia\",\"publisher\":{\"@id\":\"https:\\\/\\\/www.virtusadvocats.com\\\/#organization\"},\"potentialAction\":[{\"@type\":\"SearchAction\",\"target\":{\"@type\":\"EntryPoint\",\"urlTemplate\":\"https:\\\/\\\/www.virtusadvocats.com\\\/?s={search_term_string}\"},\"query-input\":{\"@type\":\"PropertyValueSpecification\",\"valueRequired\":true,\"valueName\":\"search_term_string\"}}],\"inLanguage\":\"fr-FR\"},{\"@type\":\"Organization\",\"@id\":\"https:\\\/\\\/www.virtusadvocats.com\\\/#organization\",\"name\":\"Virtus Advocats\",\"url\":\"https:\\\/\\\/www.virtusadvocats.com\\\/\",\"logo\":{\"@type\":\"ImageObject\",\"inLanguage\":\"fr-FR\",\"@id\":\"https:\\\/\\\/www.virtusadvocats.com\\\/#\\\/schema\\\/logo\\\/image\\\/\",\"url\":\"https:\\\/\\\/www.virtusadvocats.com\\\/wp-content\\\/uploads\\\/2020\\\/04\\\/android-icon-192x192-1.png\",\"contentUrl\":\"https:\\\/\\\/www.virtusadvocats.com\\\/wp-content\\\/uploads\\\/2020\\\/04\\\/android-icon-192x192-1.png\",\"width\":192,\"height\":192,\"caption\":\"Virtus Advocats\"},\"image\":{\"@id\":\"https:\\\/\\\/www.virtusadvocats.com\\\/#\\\/schema\\\/logo\\\/image\\\/\"},\"sameAs\":[\"https:\\\/\\\/www.linkedin.com\\\/company\\\/virtus-advocats\\\/\"]}]}<\/script>\n<!-- \/ Yoast SEO plugin. -->","yoast_head_json":{"title":"Mentions l\u00e9gales - Virtus Advocats","robots":{"index":"index","follow":"follow","max-snippet":"max-snippet:-1","max-image-preview":"max-image-preview:large","max-video-preview":"max-video-preview:-1"},"canonical":"https:\/\/www.virtusadvocats.com\/fr\/avis-legal\/","og_locale":"fr_FR","og_type":"article","og_title":"Av\u00eds legal - Virtus Advocats","og_url":"https:\/\/www.virtusadvocats.com\/fr\/avis-legal\/","og_site_name":"Virtus Advocats","article_modified_time":"2020-05-04T09:07:18+00:00","twitter_card":"summary_large_image","twitter_misc":{"Dur\u00e9e de lecture estim\u00e9e":"8 minutes"},"schema":{"@context":"https:\/\/schema.org","@graph":[{"@type":"WebPage","@id":"https:\/\/www.virtusadvocats.com\/avis-legal\/","url":"https:\/\/www.virtusadvocats.com\/avis-legal\/","name":"Mentions l\u00e9gales - Virtus Advocats","isPartOf":{"@id":"https:\/\/www.virtusadvocats.com\/#website"},"datePublished":"2020-03-13T12:00:17+00:00","dateModified":"2020-05-04T09:07:18+00:00","breadcrumb":{"@id":"https:\/\/www.virtusadvocats.com\/avis-legal\/#breadcrumb"},"inLanguage":"fr-FR","potentialAction":[{"@type":"ReadAction","target":["https:\/\/www.virtusadvocats.com\/avis-legal\/"]}]},{"@type":"BreadcrumbList","@id":"https:\/\/www.virtusadvocats.com\/avis-legal\/#breadcrumb","itemListElement":[{"@type":"ListItem","position":1,"name":"Portada","item":"https:\/\/www.virtusadvocats.com\/"},{"@type":"ListItem","position":2,"name":"Av\u00eds legal"}]},{"@type":"WebSite","@id":"https:\/\/www.virtusadvocats.com\/#website","url":"https:\/\/www.virtusadvocats.com\/","name":"Virtus Advocats","description":"Professionals del dret i de l&#039;economia","publisher":{"@id":"https:\/\/www.virtusadvocats.com\/#organization"},"potentialAction":[{"@type":"SearchAction","target":{"@type":"EntryPoint","urlTemplate":"https:\/\/www.virtusadvocats.com\/?s={search_term_string}"},"query-input":{"@type":"PropertyValueSpecification","valueRequired":true,"valueName":"search_term_string"}}],"inLanguage":"fr-FR"},{"@type":"Organization","@id":"https:\/\/www.virtusadvocats.com\/#organization","name":"Virtus Advocats","url":"https:\/\/www.virtusadvocats.com\/","logo":{"@type":"ImageObject","inLanguage":"fr-FR","@id":"https:\/\/www.virtusadvocats.com\/#\/schema\/logo\/image\/","url":"https:\/\/www.virtusadvocats.com\/wp-content\/uploads\/2020\/04\/android-icon-192x192-1.png","contentUrl":"https:\/\/www.virtusadvocats.com\/wp-content\/uploads\/2020\/04\/android-icon-192x192-1.png","width":192,"height":192,"caption":"Virtus Advocats"},"image":{"@id":"https:\/\/www.virtusadvocats.com\/#\/schema\/logo\/image\/"},"sameAs":["https:\/\/www.linkedin.com\/company\/virtus-advocats\/"]}]}},"_links":{"self":[{"href":"https:\/\/www.virtusadvocats.com\/fr\/wp-json\/wp\/v2\/pages\/285","targetHints":{"allow":["GET"]}}],"collection":[{"href":"https:\/\/www.virtusadvocats.com\/fr\/wp-json\/wp\/v2\/pages"}],"about":[{"href":"https:\/\/www.virtusadvocats.com\/fr\/wp-json\/wp\/v2\/types\/page"}],"author":[{"embeddable":true,"href":"https:\/\/www.virtusadvocats.com\/fr\/wp-json\/wp\/v2\/users\/1"}],"replies":[{"embeddable":true,"href":"https:\/\/www.virtusadvocats.com\/fr\/wp-json\/wp\/v2\/comments?post=285"}],"version-history":[{"count":2,"href":"https:\/\/www.virtusadvocats.com\/fr\/wp-json\/wp\/v2\/pages\/285\/revisions"}],"predecessor-version":[{"id":616,"href":"https:\/\/www.virtusadvocats.com\/fr\/wp-json\/wp\/v2\/pages\/285\/revisions\/616"}],"wp:attachment":[{"href":"https:\/\/www.virtusadvocats.com\/fr\/wp-json\/wp\/v2\/media?parent=285"}],"curies":[{"name":"wp","href":"https:\/\/api.w.org\/{rel}","templated":true}]}}