{"id":291,"date":"2020-03-13T12:18:25","date_gmt":"2020-03-13T12:18:25","guid":{"rendered":"http:\/\/www.virtusadvocats.com\/?page_id=291"},"modified":"2021-04-06T12:15:52","modified_gmt":"2021-04-06T10:15:52","slug":"politica-de-cookies","status":"publish","type":"page","link":"https:\/\/www.virtusadvocats.com\/fr\/politique-de-cookie\/","title":{"rendered":"Pol\u00edtica de cookies"},"content":{"rendered":"<div class=\"wpb-content-wrapper\"><div data-parent=\"true\" class=\"vc_row row-container\" id=\"row-unique-0\"><div class=\"row limit-width row-parent\"><div class=\"wpb_row row-inner\"><div class=\"wpb_column pos-top pos-center align_left column_parent col-lg-12 single-internal-gutter\"><div class=\"uncol style-light\"  ><div class=\"uncoltable\"><div class=\"uncell no-block-padding\" ><div class=\"uncont\" ><div class=\"vc_row row-internal row-container\"><div class=\"row row-child\"><div class=\"wpb_row row-inner\"><div class=\"wpb_column pos-top pos-center align_left column_child col-lg-12 single-internal-gutter\"><div class=\"uncol style-light\" ><div class=\"uncoltable\"><div class=\"uncell no-block-padding\" ><div class=\"uncont\" ><div class=\"uncode_text_column\" ><\/p>\n<div class=\"container mt-5 mb-5\">\n<div class=\"row\">\n<div class=\"col-md-12\">\n<h1 class=\"mb-3\" style=\"text-align: justify;\">Politique de Cookies<\/h1>\n<p style=\"text-align: justify;\">Le site Web de Virtus Advocats ou n'importe laquelle de ses sections peut utiliser des \u00ab cookies \u00bb. Un \u00ab cookie \u00bb est un dispositif technologique qui permet au site internet de stocker des informations (\u00ab identifiants \u00bb) de votre navigateur lors de l'acc\u00e8s au site et pendant la navigation. Les \u00ab cookies \u00bb ne sont pas utilis\u00e9s pour d\u00e9terminer l'identit\u00e9 personnelle des visiteurs de cimtaxlegal.com, mais pour nous aider \u00e0 identifier les tendances du trafic et pour d\u00e9terminer l'emplacement pr\u00e9f\u00e9r\u00e9 d'un utilisateur et la langue utilis\u00e9e, de sorte que l'utilisateur puisse \u00eatre dirig\u00e9 vers la page d'accueil correcte lorsqu'il visite cimtaxlegal.com. <a href=\"https:\/\/www.virtusadvocats.com\/fr\/\">www.virtusadvocats.com<\/a>, Pour nous aider \u00e0 identifier les utilisateurs dans le tronc et \u00e0 d\u00e9terminer la localisation pr\u00e9f\u00e9r\u00e9e d'un utilisateur et l'idiome utilis\u00e9, nous devons l'ajouter \u00e0 la page d'accueil correcte lors de la visite. <a href=\"https:\/\/www.virtusadvocats.com\/fr\/\">www.virtusadvocats.com<\/a>.<\/p>\n<p style=\"text-align: justify;\">Ils ont \u00e9galement d'autres utilisations. Dans la section Webcast du Centre de la pens\u00e9e, ils sont utilis\u00e9s pour donner acc\u00e8s aux abonn\u00e9s qui ont activ\u00e9 l'option de connexion automatique lors de leur inscription.\u00a0 Ils sont \u00e9galement utilis\u00e9s pour emp\u00eacher les participants \u00e0 un sondage de voter plus d'une fois. Si vous ne souhaitez pas recevoir de <a href=\"https:\/\/www.virtusadvocats.com\/fr\/\">www.virtusadvocats.com<\/a> Les \"cookies\" ont \u00e9galement d'autres utilisations. Dans la section Thought Center Webcast, ils permettent de faciliter l\u2019acc\u00e8s pour les abonn\u00e9s qui, lors de l'inscription, ont activ\u00e9 l'option de connexion automatique \u00e0 la session. Les \u00ab cookies \u00bb sont \u00e9galement utilis\u00e9s pour emp\u00eacher les participants \u00e0 un sondage de voter plusieurs fois. Si vous ne souhaitez pas recevoir de \"cookie\" de cimtax.com ou de la section Thought Center Webcast, vous avez la possibilit\u00e9 de configurer votre navigateur pour qu'il vous envoie une notification quand vous recevez un \"cookie\", afin que vous puissiez d\u00e9cider de l'accepter ou non. Cependant, gardez \u00e0 l'esprit que si vous d\u00e9sactivez les cookies de votre navigateur, vous ne pourrez pas acc\u00e9der \u00e0 toutes les options de la section Thought Center Webcast, comme la connexion automatique et d'autres options de personnalisation.<\/p>\n<p style=\"text-align: justify;\"><em>Web Beacons<\/em>. De vegades <a href=\"https:\/\/www.virtusadvocats.com\/fr\/\">www.virtusadvocats.com<\/a> \u201cWeb Beacons\u201d. Dans certains cas, virtusadvocats.com est mentionn\u00e9 sur des sites \u00e9trangers. Dans le cadre de nos efforts pour mesurer le succ\u00e8s de nos publications, nous utilisons une technologie appel\u00e9e <em>web beacons<\/em> ou<em> action tags<\/em>qui fonctionne comme un compteur de visiteurs qui acc\u00e8dent \u00e0 virtusadvocats.com depuis une banni\u00e8re pr\u00e9sente sur un autre site. Nous n'utilisons pas cette technologie pour acc\u00e9der \u00e0 vos informations personnelles, mais uniquement pour conserver des statistiques annexes sur les visiteurs qui acc\u00e8dent \u00e0 virtusadvocats.com.<\/p>\n<\/div>\n<\/div>\n<\/div>\n<p>\n<\/div><\/div><\/div><\/div><\/div><\/div><\/div><\/div><\/div><\/div><\/div><\/div><\/div><\/div><script id=\"script-row-unique-0\" data-row=\"script-row-unique-0\" type=\"text\/javascript\" class=\"vc_controls\">UNCODE.initRow(document.getElementById(\"row-unique-0\"));<\/script><\/div><\/div><\/div><div data-parent=\"true\" class=\"vc_row row-container\" id=\"row-unique-1\"><div class=\"row-background background-element\">\n\t\t\t\t\t\t\t\t\t\t\t<div class=\"background-wrapper\">\n\t\t\t\t\t\t\t\t\t\t\t\t<div class=\"background-inner\" style=\"background-image: url(https:\/\/www.virtusadvocats.com\/wp-content\/uploads\/2020\/03\/calltoaction.jpg);background-repeat: no-repeat;background-position: center center;background-attachment: scroll;background-size: cover;\"><\/div>\n\t\t\t\t\t\t\t\t\t\t\t\t\n\t\t\t\t\t\t\t\t\t\t\t<\/div>\n\t\t\t\t\t\t\t\t\t\t<\/div><div class=\"row limit-width row-parent\" data-minheight=\"258\"><div class=\"wpb_row row-inner\"><div class=\"wpb_column pos-middle pos-center align_center column_parent col-lg-12 single-internal-gutter\"><div class=\"uncol style-spec style-dark\"  ><div class=\"uncoltable\"><div class=\"uncell no-block-padding\" ><div class=\"uncont\" ><div class=\"vc_custom_heading_wrap\"><div class=\"heading-text el-text\" ><\/p>\n<h1>CONTACTEZ-NOUS<\/h1>\n<p>\n<\/div><div class=\"clear\"><\/div><\/div><span class=\"btn-container\" ><a role=\"button\"  href=\"https:\/\/www.virtusadvocats.com\/fr\/contacte\/\" class=\"custom-link btn btn-xl border-width-0 btn-color-627511 btn-icon-left\" title=\"Contactez-nois\"><i class=\"fa fa-envelope-o\"><\/i>ENVIA&#8217;NS LA TEVA CONSULTA<\/a><\/span><\/div><\/div><\/div><\/div><\/div><script id=\"script-row-unique-1\" data-row=\"script-row-unique-1\" type=\"text\/javascript\" class=\"vc_controls\">UNCODE.initRow(document.getElementById(\"row-unique-1\"));<\/script><\/div><\/div><\/div>\n<\/div>","protected":false},"excerpt":{"rendered":"Pol\u00edtica de Cookies El web de Virtus Advocats o qualsevol de les seves seccions podran fer \u00fas de les galetes [...]","protected":false},"author":1,"featured_media":0,"parent":0,"menu_order":0,"comment_status":"closed","ping_status":"closed","template":"","meta":{"footnotes":""},"class_list":["post-291","page","type-page","status-publish","hentry"],"yoast_head":"<!-- This site is optimized with the Yoast SEO plugin v27.4 - https:\/\/yoast.com\/product\/yoast-seo-wordpress\/ -->\n<title>Pol\u00edtica de cookies - Virtus Advocats<\/title>\n<meta name=\"robots\" content=\"index, follow, max-snippet:-1, max-image-preview:large, max-video-preview:-1\" \/>\n<link rel=\"canonical\" href=\"https:\/\/www.virtusadvocats.com\/fr\/politica-de-cookies\/\" \/>\n<meta property=\"og:locale\" content=\"fr_FR\" \/>\n<meta property=\"og:type\" content=\"article\" \/>\n<meta property=\"og:title\" content=\"Pol\u00edtica de cookies - Virtus Advocats\" \/>\n<meta property=\"og:url\" content=\"https:\/\/www.virtusadvocats.com\/fr\/politica-de-cookies\/\" \/>\n<meta property=\"og:site_name\" content=\"Virtus Advocats\" \/>\n<meta property=\"article:modified_time\" content=\"2021-04-06T10:15:52+00:00\" \/>\n<meta name=\"twitter:card\" content=\"summary_large_image\" \/>\n<meta name=\"twitter:label1\" content=\"Dur\u00e9e de lecture estim\u00e9e\" \/>\n\t<meta name=\"twitter:data1\" content=\"2 minutes\" \/>\n<script type=\"application\/ld+json\" class=\"yoast-schema-graph\">{\"@context\":\"https:\\\/\\\/schema.org\",\"@graph\":[{\"@type\":\"WebPage\",\"@id\":\"https:\\\/\\\/www.virtusadvocats.com\\\/politica-de-cookies\\\/\",\"url\":\"https:\\\/\\\/www.virtusadvocats.com\\\/politica-de-cookies\\\/\",\"name\":\"Pol\u00edtica de cookies - Virtus Advocats\",\"isPartOf\":{\"@id\":\"https:\\\/\\\/www.virtusadvocats.com\\\/#website\"},\"datePublished\":\"2020-03-13T12:18:25+00:00\",\"dateModified\":\"2021-04-06T10:15:52+00:00\",\"breadcrumb\":{\"@id\":\"https:\\\/\\\/www.virtusadvocats.com\\\/politica-de-cookies\\\/#breadcrumb\"},\"inLanguage\":\"fr-FR\",\"potentialAction\":[{\"@type\":\"ReadAction\",\"target\":[\"https:\\\/\\\/www.virtusadvocats.com\\\/politica-de-cookies\\\/\"]}]},{\"@type\":\"BreadcrumbList\",\"@id\":\"https:\\\/\\\/www.virtusadvocats.com\\\/politica-de-cookies\\\/#breadcrumb\",\"itemListElement\":[{\"@type\":\"ListItem\",\"position\":1,\"name\":\"Portada\",\"item\":\"https:\\\/\\\/www.virtusadvocats.com\\\/\"},{\"@type\":\"ListItem\",\"position\":2,\"name\":\"Pol\u00edtica de cookies\"}]},{\"@type\":\"WebSite\",\"@id\":\"https:\\\/\\\/www.virtusadvocats.com\\\/#website\",\"url\":\"https:\\\/\\\/www.virtusadvocats.com\\\/\",\"name\":\"Virtus Advocats\",\"description\":\"Professionals del dret i de l&#039;economia\",\"publisher\":{\"@id\":\"https:\\\/\\\/www.virtusadvocats.com\\\/#organization\"},\"potentialAction\":[{\"@type\":\"SearchAction\",\"target\":{\"@type\":\"EntryPoint\",\"urlTemplate\":\"https:\\\/\\\/www.virtusadvocats.com\\\/?s={search_term_string}\"},\"query-input\":{\"@type\":\"PropertyValueSpecification\",\"valueRequired\":true,\"valueName\":\"search_term_string\"}}],\"inLanguage\":\"fr-FR\"},{\"@type\":\"Organization\",\"@id\":\"https:\\\/\\\/www.virtusadvocats.com\\\/#organization\",\"name\":\"Virtus Advocats\",\"url\":\"https:\\\/\\\/www.virtusadvocats.com\\\/\",\"logo\":{\"@type\":\"ImageObject\",\"inLanguage\":\"fr-FR\",\"@id\":\"https:\\\/\\\/www.virtusadvocats.com\\\/#\\\/schema\\\/logo\\\/image\\\/\",\"url\":\"https:\\\/\\\/www.virtusadvocats.com\\\/wp-content\\\/uploads\\\/2020\\\/04\\\/android-icon-192x192-1.png\",\"contentUrl\":\"https:\\\/\\\/www.virtusadvocats.com\\\/wp-content\\\/uploads\\\/2020\\\/04\\\/android-icon-192x192-1.png\",\"width\":192,\"height\":192,\"caption\":\"Virtus Advocats\"},\"image\":{\"@id\":\"https:\\\/\\\/www.virtusadvocats.com\\\/#\\\/schema\\\/logo\\\/image\\\/\"},\"sameAs\":[\"https:\\\/\\\/www.linkedin.com\\\/company\\\/virtus-advocats\\\/\"]}]}<\/script>\n<!-- \/ Yoast SEO plugin. -->","yoast_head_json":{"title":"Politique de cookies - Virtus Advocats","robots":{"index":"index","follow":"follow","max-snippet":"max-snippet:-1","max-image-preview":"max-image-preview:large","max-video-preview":"max-video-preview:-1"},"canonical":"https:\/\/www.virtusadvocats.com\/fr\/politica-de-cookies\/","og_locale":"fr_FR","og_type":"article","og_title":"Pol\u00edtica de cookies - Virtus Advocats","og_url":"https:\/\/www.virtusadvocats.com\/fr\/politica-de-cookies\/","og_site_name":"Virtus Advocats","article_modified_time":"2021-04-06T10:15:52+00:00","twitter_card":"summary_large_image","twitter_misc":{"Dur\u00e9e de lecture estim\u00e9e":"2 minutes"},"schema":{"@context":"https:\/\/schema.org","@graph":[{"@type":"WebPage","@id":"https:\/\/www.virtusadvocats.com\/politica-de-cookies\/","url":"https:\/\/www.virtusadvocats.com\/politica-de-cookies\/","name":"Politique de cookies - Virtus Advocats","isPartOf":{"@id":"https:\/\/www.virtusadvocats.com\/#website"},"datePublished":"2020-03-13T12:18:25+00:00","dateModified":"2021-04-06T10:15:52+00:00","breadcrumb":{"@id":"https:\/\/www.virtusadvocats.com\/politica-de-cookies\/#breadcrumb"},"inLanguage":"fr-FR","potentialAction":[{"@type":"ReadAction","target":["https:\/\/www.virtusadvocats.com\/politica-de-cookies\/"]}]},{"@type":"BreadcrumbList","@id":"https:\/\/www.virtusadvocats.com\/politica-de-cookies\/#breadcrumb","itemListElement":[{"@type":"ListItem","position":1,"name":"Portada","item":"https:\/\/www.virtusadvocats.com\/"},{"@type":"ListItem","position":2,"name":"Pol\u00edtica de cookies"}]},{"@type":"WebSite","@id":"https:\/\/www.virtusadvocats.com\/#website","url":"https:\/\/www.virtusadvocats.com\/","name":"Virtus Advocats","description":"Professionals del dret i de l&#039;economia","publisher":{"@id":"https:\/\/www.virtusadvocats.com\/#organization"},"potentialAction":[{"@type":"SearchAction","target":{"@type":"EntryPoint","urlTemplate":"https:\/\/www.virtusadvocats.com\/?s={search_term_string}"},"query-input":{"@type":"PropertyValueSpecification","valueRequired":true,"valueName":"search_term_string"}}],"inLanguage":"fr-FR"},{"@type":"Organization","@id":"https:\/\/www.virtusadvocats.com\/#organization","name":"Virtus Advocats","url":"https:\/\/www.virtusadvocats.com\/","logo":{"@type":"ImageObject","inLanguage":"fr-FR","@id":"https:\/\/www.virtusadvocats.com\/#\/schema\/logo\/image\/","url":"https:\/\/www.virtusadvocats.com\/wp-content\/uploads\/2020\/04\/android-icon-192x192-1.png","contentUrl":"https:\/\/www.virtusadvocats.com\/wp-content\/uploads\/2020\/04\/android-icon-192x192-1.png","width":192,"height":192,"caption":"Virtus Advocats"},"image":{"@id":"https:\/\/www.virtusadvocats.com\/#\/schema\/logo\/image\/"},"sameAs":["https:\/\/www.linkedin.com\/company\/virtus-advocats\/"]}]}},"_links":{"self":[{"href":"https:\/\/www.virtusadvocats.com\/fr\/wp-json\/wp\/v2\/pages\/291","targetHints":{"allow":["GET"]}}],"collection":[{"href":"https:\/\/www.virtusadvocats.com\/fr\/wp-json\/wp\/v2\/pages"}],"about":[{"href":"https:\/\/www.virtusadvocats.com\/fr\/wp-json\/wp\/v2\/types\/page"}],"author":[{"embeddable":true,"href":"https:\/\/www.virtusadvocats.com\/fr\/wp-json\/wp\/v2\/users\/1"}],"replies":[{"embeddable":true,"href":"https:\/\/www.virtusadvocats.com\/fr\/wp-json\/wp\/v2\/comments?post=291"}],"version-history":[{"count":7,"href":"https:\/\/www.virtusadvocats.com\/fr\/wp-json\/wp\/v2\/pages\/291\/revisions"}],"predecessor-version":[{"id":1103,"href":"https:\/\/www.virtusadvocats.com\/fr\/wp-json\/wp\/v2\/pages\/291\/revisions\/1103"}],"wp:attachment":[{"href":"https:\/\/www.virtusadvocats.com\/fr\/wp-json\/wp\/v2\/media?parent=291"}],"curies":[{"name":"wp","href":"https:\/\/api.w.org\/{rel}","templated":true}]}}