{"id":72,"date":"2020-03-09T12:30:30","date_gmt":"2020-03-09T12:30:30","guid":{"rendered":"http:\/\/www.virtusadvocats.com\/?page_id=72"},"modified":"2021-05-11T12:33:17","modified_gmt":"2021-05-11T10:33:17","slug":"fiscalitat","status":"publish","type":"page","link":"https:\/\/www.virtusadvocats.com\/fr\/fiscalite\/","title":{"rendered":"Fiscalit\u00e9"},"content":{"rendered":"<div class=\"wpb-content-wrapper\"><div data-parent=\"true\" class=\"vc_row row-container\" id=\"row-unique-0\"><div class=\"row-background background-element\">\n\t\t\t\t\t\t\t\t\t\t\t<div class=\"background-wrapper\">\n\t\t\t\t\t\t\t\t\t\t\t\t<div class=\"background-inner\" style=\"background-image: url(https:\/\/www.virtusadvocats.com\/wp-content\/uploads\/2020\/03\/virtus-fiscalitat.png);background-repeat: no-repeat;background-position: center center;background-attachment: scroll;background-size: cover;\"><\/div>\n\t\t\t\t\t\t\t\t\t\t\t\t<div class=\"block-bg-overlay style-color-627511-bg\" style=\"opacity: 0.1;\"><\/div>\n\t\t\t\t\t\t\t\t\t\t\t<\/div>\n\t\t\t\t\t\t\t\t\t\t<\/div><div class=\"row limit-width row-parent\" data-minheight=\"353\"><div class=\"wpb_row row-inner\"><div class=\"wpb_column pos-middle pos-center align_center column_parent col-lg-12 single-internal-gutter\"><div class=\"uncol style-spec style-dark\"  ><div class=\"uncoltable\"><div class=\"uncell no-block-padding\" ><div class=\"uncont\" ><div class=\"vc_custom_heading_wrap\"><div class=\"heading-text el-text\" ><\/p>\n<h1>Fiscalit\u00e9<\/h1>\n<p>\n<\/div><div class=\"clear\"><\/div><\/div><\/div><\/div><\/div><\/div><\/div><script id=\"script-row-unique-0\" data-row=\"script-row-unique-0\" type=\"text\/javascript\" class=\"vc_controls\">UNCODE.initRow(document.getElementById(\"row-unique-0\"));<\/script><\/div><\/div><\/div><div data-parent=\"true\" class=\"vc_row row-container\" id=\"row-unique-1\"><div class=\"row limit-width row-parent\"><div class=\"wpb_row row-inner\"><div class=\"wpb_column pos-middle pos-center align_center column_parent col-lg-12 single-internal-gutter\"><div class=\"uncol style-light\"  ><div class=\"uncoltable\"><div class=\"uncell no-block-padding\" ><div class=\"uncont\" ><div class=\"vc_custom_heading_wrap\"><div class=\"heading-text el-text\" ><h2 class=\"h2\" ><span><\/p><\/span><span><h2 class=\"serveititol\"><em>Une bonne gestion fiscale est un \u00e9l\u00e9ment cl\u00e9 de la comp\u00e9titivit\u00e9 des entreprises.<\/em><\/h2><\/span><span><p><\/span><\/h2><\/div><div class=\"clear\"><\/div><\/div><div class=\"vc_custom_heading_wrap\"><div class=\"heading-text el-text\" ><\/p>\n<h2><a href=\"https:\/\/www.virtusadvocats.com\/fr\/contacte\/\">Que pouvons-nous faire pour vous ?<\/a><\/h2>\n<p class=\"servei01\" style=\"text-align: justify;\">Nous conseillons sur le respect des obligations fiscales, en analysant attentivement la fiscalit\u00e9 des op\u00e9rations, en optimisant son co\u00fbt, et toujours en tenant compte des derniers mesures d'application. Nous concevons la fiscalit\u00e9 comme quelque chose de dynamique qui n\u00e9cessite une adaptation p\u00e9riodique.<\/p>\n<p>\n<\/div><div class=\"clear\"><\/div><\/div><\/div><\/div><\/div><\/div><\/div><script id=\"script-row-unique-1\" data-row=\"script-row-unique-1\" type=\"text\/javascript\" class=\"vc_controls\">UNCODE.initRow(document.getElementById(\"row-unique-1\"));<\/script><\/div><\/div><\/div><div data-parent=\"true\" class=\"vc_row row-container\" id=\"row-unique-2\"><div class=\"row limit-width row-parent\"><div class=\"wpb_row row-inner\"><div class=\"wpb_column pos-top pos-center align_left column_parent col-lg-12 single-internal-gutter\"><div class=\"uncol style-light\"  ><div class=\"uncoltable\"><div class=\"uncell no-block-padding\" ><div class=\"uncont\" ><div class=\"divider-wrapper\"  >\n    <hr class=\"unseparator border-default-color separator-no-padding\"  \/>\n<\/div>\n<\/div><\/div><\/div><\/div><\/div><script id=\"script-row-unique-2\" data-row=\"script-row-unique-2\" type=\"text\/javascript\" class=\"vc_controls\">UNCODE.initRow(document.getElementById(\"row-unique-2\"));<\/script><\/div><\/div><\/div><div data-parent=\"true\" class=\"vc_row row-container\" id=\"row-unique-3\"><div class=\"row limit-width row-parent\"><div class=\"wpb_row row-inner\"><div class=\"wpb_column pos-top pos-center align_left column_parent col-lg-12 single-internal-gutter\"><div class=\"uncol style-light\"  ><div class=\"uncoltable\"><div class=\"uncell no-block-padding\" ><div class=\"uncont\" ><div class=\"vc_custom_heading_wrap\"><div class=\"heading-text el-text\" ><\/p>\n<h2>Nos services<\/h2>\n<p>\n<\/div><div class=\"clear\"><\/div><\/div><div class=\"vc_row row-internal row-container\"><div class=\"row row-child\"><div class=\"wpb_row row-inner\"><div class=\"wpb_column pos-top pos-center align_left column_child col-lg-12 single-internal-gutter\"><div class=\"uncol style-light\" ><div class=\"uncoltable\"><div class=\"uncell no-block-padding\" ><div class=\"uncont\" ><div class=\"uncode_text_column\" ><\/p>\n<ul class=\"servei02\">\n<li style=\"text-align: justify;\"><strong>Fiscalit\u00e9 des soci\u00e9t\u00e9s:<\/strong>Les imp\u00f4ts sur les soci\u00e9t\u00e9s sont li\u00e9s \u00e0 la comptabilisation des op\u00e9rations, \u00e0 la pr\u00e9paration des comptes annuels, et \u00e0 la r\u00e9alisation des ajustements correspondants. Les op\u00e9rations peuvent pr\u00e9senter plusieurs alternatives ayant un impact fiscal diff\u00e9rent et, par cons\u00e9quent, la comptabilisation correcte des op\u00e9rations et les ajustements pertinents sont \u00e0 la base du respect des normes fiscales et permettent d'\u00e9viter une taxation excessive.<\/li>\n<\/ul>\n<p>&nbsp;<\/p>\n<ul class=\"servei02\">\n<li style=\"text-align: justify;\"><b>Diligence raisonnable:<\/b>Nous effectuons des processus d\u2019audit fiscal, \u00e0 la fois pour la v\u00e9rification du respect des obligations fiscales, comme dans les processus d\u2019acquisition de soci\u00e9t\u00e9s ou les op\u00e9rations de restructuration, afin de garantir la s\u00e9curit\u00e9 des op\u00e9rations propos\u00e9es.<\/li>\n<\/ul>\n<p>&nbsp;<\/p>\n<ul class=\"servei02\">\n<li style=\"text-align: justify;\"><strong>Fiscalit\u00e9 Internationale:<\/strong>Nous conseillons nos clients en mati\u00e8re de fiscalit\u00e9 internationale, et nous vous accompagnons dans vos investissements internationaux pour vous offrir des conseils complets en mati\u00e8re fiscale.Nous conseillons \u00e9galement les personnes et entit\u00e9s qui paient des taxent en tant que non-r\u00e9sidents, en totale coordination avec la fiscalit\u00e9 d'origine, que ce soit pour des activit\u00e9s commerciales \u00e0 l'\u00e9tranger, des travailleurs d\u00e9plac\u00e9s ou des investissements \u00e0 l'\u00e9tranger.L'internationalisation de notre \u00e9conomie n\u00e9cessite de prendre en compte l'imposition des op\u00e9rations dans d'autres pays, en tenant compte des accords de double imposition (CDI) et des r\u00e9glementations relatives aux non-r\u00e9sidents ; et cela n\u00e9cessite une planification fiscale ad\u00e9quate qu'il faut incorporer dans des op\u00e9rations ext\u00e9rieures. Le nombre important de transactions commerciales et de services aux personnes et aux soci\u00e9t\u00e9s \u00e9trang\u00e8res en Espagne d\u00e9termine l\u2019importance de cette taxe :\n<ul style=\"text-align: justify;\">\n<li>B\u00e9n\u00e9fices enregistr\u00e9s<\/li>\n<li>Existence d'un \u00e9tablissement permanent<\/li>\n<li>Existence d'un \u00e9tablissement permanent<\/li>\n<li>Repr\u00e9sentant fiscal<\/li>\n<\/ul>\n<p>Nous disposons d'un bureau \u00e0 Barcelone pour g\u00e9rer les investissements dans les deux pays.<\/li>\n<\/ul>\n<p>\n<\/div><\/div><\/div><\/div><\/div><\/div><\/div><\/div><\/div><\/div><\/div><\/div><\/div><\/div><script id=\"script-row-unique-3\" data-row=\"script-row-unique-3\" type=\"text\/javascript\" class=\"vc_controls\">UNCODE.initRow(document.getElementById(\"row-unique-3\"));<\/script><\/div><\/div><\/div><div data-parent=\"true\" class=\"vc_row row-container\" id=\"row-unique-4\"><div class=\"row-background background-element\">\n\t\t\t\t\t\t\t\t\t\t\t<div class=\"background-wrapper\">\n\t\t\t\t\t\t\t\t\t\t\t\t<div class=\"background-inner\" style=\"background-image: url(https:\/\/www.virtusadvocats.com\/wp-content\/uploads\/2020\/03\/calltoaction.jpg);background-repeat: no-repeat;background-position: center center;background-attachment: scroll;background-size: cover;\"><\/div>\n\t\t\t\t\t\t\t\t\t\t\t\t\n\t\t\t\t\t\t\t\t\t\t\t<\/div>\n\t\t\t\t\t\t\t\t\t\t<\/div><div class=\"row limit-width row-parent\" data-minheight=\"258\"><div class=\"wpb_row row-inner\"><div class=\"wpb_column pos-middle pos-center align_center column_parent col-lg-12 single-internal-gutter\"><div class=\"uncol style-spec style-dark\"  ><div class=\"uncoltable\"><div class=\"uncell no-block-padding\" ><div class=\"uncont\" ><div class=\"vc_custom_heading_wrap\"><div class=\"heading-text el-text\" ><\/p>\n<h2>CONTACTEZ-NOUS<\/h2>\n<p>\n<\/div><div class=\"clear\"><\/div><\/div><span class=\"btn-container\" ><a role=\"button\"  href=\"https:\/\/www.virtusadvocats.com\/fr\/contacte\/\" class=\"custom-link btn btn-xl border-width-0 btn-color-627511 btn-icon-left\" title=\"Contactez-nois\"><i class=\"fa fa-envelope-o\"><\/i>ENVIA&#8217;NS LA TEVA CONSULTA<\/a><\/span><\/div><\/div><\/div><\/div><\/div><script id=\"script-row-unique-4\" data-row=\"script-row-unique-4\" type=\"text\/javascript\" class=\"vc_controls\">UNCODE.initRow(document.getElementById(\"row-unique-4\"));<\/script><\/div><\/div><\/div>\n<\/div>","protected":false},"excerpt":{"rendered":"Fiscalitat Una bona gesti\u00f3 fiscal \u00e9s un element clau en la competitivitat de les empreses Qu\u00e8 podem fer per tu? [...]","protected":false},"author":1,"featured_media":127,"parent":0,"menu_order":0,"comment_status":"closed","ping_status":"closed","template":"","meta":{"footnotes":""},"class_list":["post-72","page","type-page","status-publish","has-post-thumbnail","hentry"],"yoast_head":"<!-- This site is optimized with the Yoast SEO plugin v27.4 - https:\/\/yoast.com\/product\/yoast-seo-wordpress\/ -->\n<title>Fiscalitat: Assessorament personalitzat - Virtus Advocats<\/title>\n<meta name=\"description\" content=\"Fiscalitat: Assessorem en l\u2019adequat compliment de les obligacions fiscals, mitjan\u00e7ant una an\u00e0lisi acurada de la tributaci\u00f3 de les operacions.\" \/>\n<meta name=\"robots\" content=\"index, follow, max-snippet:-1, max-image-preview:large, max-video-preview:-1\" \/>\n<link rel=\"canonical\" href=\"https:\/\/www.virtusadvocats.com\/fr\/fiscalitat\/\" \/>\n<meta property=\"og:locale\" content=\"fr_FR\" \/>\n<meta property=\"og:type\" content=\"article\" \/>\n<meta property=\"og:title\" content=\"Fiscalitat: Assessorament personalitzat - Virtus Advocats\" \/>\n<meta property=\"og:description\" content=\"Fiscalitat: Assessorem en l\u2019adequat compliment de les obligacions fiscals, mitjan\u00e7ant una an\u00e0lisi acurada de la tributaci\u00f3 de les operacions.\" \/>\n<meta property=\"og:url\" content=\"https:\/\/www.virtusadvocats.com\/fr\/fiscalitat\/\" \/>\n<meta property=\"og:site_name\" content=\"Virtus Advocats\" \/>\n<meta property=\"article:modified_time\" content=\"2021-05-11T10:33:17+00:00\" \/>\n<meta property=\"og:image\" content=\"https:\/\/www.virtusadvocats.com\/wp-content\/uploads\/2020\/03\/virtus-fiscalitat.png\" \/>\n\t<meta property=\"og:image:width\" content=\"831\" \/>\n\t<meta property=\"og:image:height\" content=\"600\" \/>\n\t<meta property=\"og:image:type\" content=\"image\/png\" \/>\n<meta name=\"twitter:card\" content=\"summary_large_image\" \/>\n<meta name=\"twitter:label1\" content=\"Dur\u00e9e de lecture estim\u00e9e\" \/>\n\t<meta name=\"twitter:data1\" content=\"3 minutes\" \/>\n<script type=\"application\/ld+json\" class=\"yoast-schema-graph\">{\"@context\":\"https:\\\/\\\/schema.org\",\"@graph\":[{\"@type\":\"WebPage\",\"@id\":\"https:\\\/\\\/www.virtusadvocats.com\\\/fiscalitat\\\/\",\"url\":\"https:\\\/\\\/www.virtusadvocats.com\\\/fiscalitat\\\/\",\"name\":\"Fiscalitat: Assessorament personalitzat - Virtus Advocats\",\"isPartOf\":{\"@id\":\"https:\\\/\\\/www.virtusadvocats.com\\\/#website\"},\"primaryImageOfPage\":{\"@id\":\"https:\\\/\\\/www.virtusadvocats.com\\\/fiscalitat\\\/#primaryimage\"},\"image\":{\"@id\":\"https:\\\/\\\/www.virtusadvocats.com\\\/fiscalitat\\\/#primaryimage\"},\"thumbnailUrl\":\"https:\\\/\\\/www.virtusadvocats.com\\\/wp-content\\\/uploads\\\/2020\\\/03\\\/virtus-fiscalitat.png\",\"datePublished\":\"2020-03-09T12:30:30+00:00\",\"dateModified\":\"2021-05-11T10:33:17+00:00\",\"description\":\"Fiscalitat: Assessorem en l\u2019adequat compliment de les obligacions fiscals, mitjan\u00e7ant una an\u00e0lisi acurada de la tributaci\u00f3 de les operacions.\",\"breadcrumb\":{\"@id\":\"https:\\\/\\\/www.virtusadvocats.com\\\/fiscalitat\\\/#breadcrumb\"},\"inLanguage\":\"fr-FR\",\"potentialAction\":[{\"@type\":\"ReadAction\",\"target\":[\"https:\\\/\\\/www.virtusadvocats.com\\\/fiscalitat\\\/\"]}]},{\"@type\":\"ImageObject\",\"inLanguage\":\"fr-FR\",\"@id\":\"https:\\\/\\\/www.virtusadvocats.com\\\/fiscalitat\\\/#primaryimage\",\"url\":\"https:\\\/\\\/www.virtusadvocats.com\\\/wp-content\\\/uploads\\\/2020\\\/03\\\/virtus-fiscalitat.png\",\"contentUrl\":\"https:\\\/\\\/www.virtusadvocats.com\\\/wp-content\\\/uploads\\\/2020\\\/03\\\/virtus-fiscalitat.png\",\"width\":831,\"height\":600,\"caption\":\"Advocats a Andorra\"},{\"@type\":\"BreadcrumbList\",\"@id\":\"https:\\\/\\\/www.virtusadvocats.com\\\/fiscalitat\\\/#breadcrumb\",\"itemListElement\":[{\"@type\":\"ListItem\",\"position\":1,\"name\":\"Portada\",\"item\":\"https:\\\/\\\/www.virtusadvocats.com\\\/\"},{\"@type\":\"ListItem\",\"position\":2,\"name\":\"Fiscalitat\"}]},{\"@type\":\"WebSite\",\"@id\":\"https:\\\/\\\/www.virtusadvocats.com\\\/#website\",\"url\":\"https:\\\/\\\/www.virtusadvocats.com\\\/\",\"name\":\"Virtus Advocats\",\"description\":\"Professionals del dret i de l&#039;economia\",\"publisher\":{\"@id\":\"https:\\\/\\\/www.virtusadvocats.com\\\/#organization\"},\"potentialAction\":[{\"@type\":\"SearchAction\",\"target\":{\"@type\":\"EntryPoint\",\"urlTemplate\":\"https:\\\/\\\/www.virtusadvocats.com\\\/?s={search_term_string}\"},\"query-input\":{\"@type\":\"PropertyValueSpecification\",\"valueRequired\":true,\"valueName\":\"search_term_string\"}}],\"inLanguage\":\"fr-FR\"},{\"@type\":\"Organization\",\"@id\":\"https:\\\/\\\/www.virtusadvocats.com\\\/#organization\",\"name\":\"Virtus Advocats\",\"url\":\"https:\\\/\\\/www.virtusadvocats.com\\\/\",\"logo\":{\"@type\":\"ImageObject\",\"inLanguage\":\"fr-FR\",\"@id\":\"https:\\\/\\\/www.virtusadvocats.com\\\/#\\\/schema\\\/logo\\\/image\\\/\",\"url\":\"https:\\\/\\\/www.virtusadvocats.com\\\/wp-content\\\/uploads\\\/2020\\\/04\\\/android-icon-192x192-1.png\",\"contentUrl\":\"https:\\\/\\\/www.virtusadvocats.com\\\/wp-content\\\/uploads\\\/2020\\\/04\\\/android-icon-192x192-1.png\",\"width\":192,\"height\":192,\"caption\":\"Virtus Advocats\"},\"image\":{\"@id\":\"https:\\\/\\\/www.virtusadvocats.com\\\/#\\\/schema\\\/logo\\\/image\\\/\"},\"sameAs\":[\"https:\\\/\\\/www.linkedin.com\\\/company\\\/virtus-advocats\\\/\"]}]}<\/script>\n<!-- \/ Yoast SEO plugin. -->","yoast_head_json":{"title":"Fiscalit\u00e9: Conseil personnalis\u00e9 - Virtus Advocats","description":"Fiscalitat: Assessorem en l\u2019adequat compliment de les obligacions fiscals, mitjan\u00e7ant una an\u00e0lisi acurada de la tributaci\u00f3 de les operacions.","robots":{"index":"index","follow":"follow","max-snippet":"max-snippet:-1","max-image-preview":"max-image-preview:large","max-video-preview":"max-video-preview:-1"},"canonical":"https:\/\/www.virtusadvocats.com\/fr\/fiscalitat\/","og_locale":"fr_FR","og_type":"article","og_title":"Fiscalitat: Assessorament personalitzat - Virtus Advocats","og_description":"Fiscalitat: Assessorem en l\u2019adequat compliment de les obligacions fiscals, mitjan\u00e7ant una an\u00e0lisi acurada de la tributaci\u00f3 de les operacions.","og_url":"https:\/\/www.virtusadvocats.com\/fr\/fiscalitat\/","og_site_name":"Virtus Advocats","article_modified_time":"2021-05-11T10:33:17+00:00","og_image":[{"width":831,"height":600,"url":"https:\/\/www.virtusadvocats.com\/wp-content\/uploads\/2020\/03\/virtus-fiscalitat.png","type":"image\/png"}],"twitter_card":"summary_large_image","twitter_misc":{"Dur\u00e9e de lecture estim\u00e9e":"3 minutes"},"schema":{"@context":"https:\/\/schema.org","@graph":[{"@type":"WebPage","@id":"https:\/\/www.virtusadvocats.com\/fiscalitat\/","url":"https:\/\/www.virtusadvocats.com\/fiscalitat\/","name":"Fiscalit\u00e9: Conseil personnalis\u00e9 - Virtus Advocats","isPartOf":{"@id":"https:\/\/www.virtusadvocats.com\/#website"},"primaryImageOfPage":{"@id":"https:\/\/www.virtusadvocats.com\/fiscalitat\/#primaryimage"},"image":{"@id":"https:\/\/www.virtusadvocats.com\/fiscalitat\/#primaryimage"},"thumbnailUrl":"https:\/\/www.virtusadvocats.com\/wp-content\/uploads\/2020\/03\/virtus-fiscalitat.png","datePublished":"2020-03-09T12:30:30+00:00","dateModified":"2021-05-11T10:33:17+00:00","description":"Fiscalitat: Assessorem en l\u2019adequat compliment de les obligacions fiscals, mitjan\u00e7ant una an\u00e0lisi acurada de la tributaci\u00f3 de les operacions.","breadcrumb":{"@id":"https:\/\/www.virtusadvocats.com\/fiscalitat\/#breadcrumb"},"inLanguage":"fr-FR","potentialAction":[{"@type":"ReadAction","target":["https:\/\/www.virtusadvocats.com\/fiscalitat\/"]}]},{"@type":"ImageObject","inLanguage":"fr-FR","@id":"https:\/\/www.virtusadvocats.com\/fiscalitat\/#primaryimage","url":"https:\/\/www.virtusadvocats.com\/wp-content\/uploads\/2020\/03\/virtus-fiscalitat.png","contentUrl":"https:\/\/www.virtusadvocats.com\/wp-content\/uploads\/2020\/03\/virtus-fiscalitat.png","width":831,"height":600,"caption":"Advocats a Andorra"},{"@type":"BreadcrumbList","@id":"https:\/\/www.virtusadvocats.com\/fiscalitat\/#breadcrumb","itemListElement":[{"@type":"ListItem","position":1,"name":"Portada","item":"https:\/\/www.virtusadvocats.com\/"},{"@type":"ListItem","position":2,"name":"Fiscalitat"}]},{"@type":"WebSite","@id":"https:\/\/www.virtusadvocats.com\/#website","url":"https:\/\/www.virtusadvocats.com\/","name":"Virtus Advocats","description":"Professionals del dret i de l&#039;economia","publisher":{"@id":"https:\/\/www.virtusadvocats.com\/#organization"},"potentialAction":[{"@type":"SearchAction","target":{"@type":"EntryPoint","urlTemplate":"https:\/\/www.virtusadvocats.com\/?s={search_term_string}"},"query-input":{"@type":"PropertyValueSpecification","valueRequired":true,"valueName":"search_term_string"}}],"inLanguage":"fr-FR"},{"@type":"Organization","@id":"https:\/\/www.virtusadvocats.com\/#organization","name":"Virtus Advocats","url":"https:\/\/www.virtusadvocats.com\/","logo":{"@type":"ImageObject","inLanguage":"fr-FR","@id":"https:\/\/www.virtusadvocats.com\/#\/schema\/logo\/image\/","url":"https:\/\/www.virtusadvocats.com\/wp-content\/uploads\/2020\/04\/android-icon-192x192-1.png","contentUrl":"https:\/\/www.virtusadvocats.com\/wp-content\/uploads\/2020\/04\/android-icon-192x192-1.png","width":192,"height":192,"caption":"Virtus Advocats"},"image":{"@id":"https:\/\/www.virtusadvocats.com\/#\/schema\/logo\/image\/"},"sameAs":["https:\/\/www.linkedin.com\/company\/virtus-advocats\/"]}]}},"_links":{"self":[{"href":"https:\/\/www.virtusadvocats.com\/fr\/wp-json\/wp\/v2\/pages\/72","targetHints":{"allow":["GET"]}}],"collection":[{"href":"https:\/\/www.virtusadvocats.com\/fr\/wp-json\/wp\/v2\/pages"}],"about":[{"href":"https:\/\/www.virtusadvocats.com\/fr\/wp-json\/wp\/v2\/types\/page"}],"author":[{"embeddable":true,"href":"https:\/\/www.virtusadvocats.com\/fr\/wp-json\/wp\/v2\/users\/1"}],"replies":[{"embeddable":true,"href":"https:\/\/www.virtusadvocats.com\/fr\/wp-json\/wp\/v2\/comments?post=72"}],"version-history":[{"count":10,"href":"https:\/\/www.virtusadvocats.com\/fr\/wp-json\/wp\/v2\/pages\/72\/revisions"}],"predecessor-version":[{"id":1160,"href":"https:\/\/www.virtusadvocats.com\/fr\/wp-json\/wp\/v2\/pages\/72\/revisions\/1160"}],"wp:featuredmedia":[{"embeddable":true,"href":"https:\/\/www.virtusadvocats.com\/fr\/wp-json\/wp\/v2\/media\/127"}],"wp:attachment":[{"href":"https:\/\/www.virtusadvocats.com\/fr\/wp-json\/wp\/v2\/media?parent=72"}],"curies":[{"name":"wp","href":"https:\/\/api.w.org\/{rel}","templated":true}]}}