{"id":76,"date":"2020-03-09T12:31:16","date_gmt":"2020-03-09T12:31:16","guid":{"rendered":"http:\/\/www.virtusadvocats.com\/?page_id=76"},"modified":"2021-07-16T12:31:39","modified_gmt":"2021-07-16T10:31:39","slug":"mercantil-i-societari","status":"publish","type":"page","link":"https:\/\/www.virtusadvocats.com\/fr\/commercial-corporate\/","title":{"rendered":"Droit commercial et des soci\u00e9t\u00e9s"},"content":{"rendered":"<div class=\"wpb-content-wrapper\"><div data-parent=\"true\" class=\"vc_row row-container\" id=\"row-unique-0\"><div class=\"row-background background-element\">\n\t\t\t\t\t\t\t\t\t\t\t<div class=\"background-wrapper\">\n\t\t\t\t\t\t\t\t\t\t\t\t<div class=\"background-inner\" style=\"background-image: url(https:\/\/www.virtusadvocats.com\/wp-content\/uploads\/2020\/03\/virtus-gestions.png);background-repeat: no-repeat;background-position: center center;background-attachment: scroll;background-size: cover;\"><\/div>\n\t\t\t\t\t\t\t\t\t\t\t\t<div class=\"block-bg-overlay style-color-627511-bg\" style=\"opacity: 0.1;\"><\/div>\n\t\t\t\t\t\t\t\t\t\t\t<\/div>\n\t\t\t\t\t\t\t\t\t\t<\/div><div class=\"row limit-width row-parent\" data-minheight=\"353\"><div class=\"wpb_row row-inner\"><div class=\"wpb_column pos-middle pos-center align_center column_parent col-lg-12 single-internal-gutter\"><div class=\"uncol style-spec style-dark\"  ><div class=\"uncoltable\"><div class=\"uncell no-block-padding\" ><div class=\"uncont\" ><div class=\"vc_custom_heading_wrap\"><div class=\"heading-text el-text\" ><\/p>\n<h2>Droit commercial et des soci\u00e9t\u00e9s<\/h2>\n<p>\n<\/div><div class=\"clear\"><\/div><\/div><\/div><\/div><\/div><\/div><\/div><script id=\"script-row-unique-0\" data-row=\"script-row-unique-0\" type=\"text\/javascript\" class=\"vc_controls\">UNCODE.initRow(document.getElementById(\"row-unique-0\"));<\/script><\/div><\/div><\/div><div data-parent=\"true\" class=\"vc_row row-container\" id=\"row-unique-1\"><div class=\"row limit-width row-parent\"><div class=\"wpb_row row-inner\"><div class=\"wpb_column pos-middle pos-center align_center column_parent col-lg-12 single-internal-gutter\"><div class=\"uncol style-light\"  ><div class=\"uncoltable\"><div class=\"uncell no-block-padding\" ><div class=\"uncont\" ><div class=\"vc_custom_heading_wrap\"><div class=\"heading-text el-text\" ><h2 class=\"h2\" ><span><\/p><\/span><span><h2 class=\"serveititol\"><em>La s\u00e9curit\u00e9 juridique et fiscale dans les op\u00e9rations \u00e9conomiques est un \u00e9l\u00e9ment cl\u00e9 de la comp\u00e9titivit\u00e9 et apporte de la valeur aux entreprises.<br \/><\/span><span><\/em><\/h2><\/span><span><p><\/span><\/h2><\/div><div class=\"clear\"><\/div><\/div><div class=\"vc_custom_heading_wrap\"><div class=\"heading-text el-text\" ><\/p>\n<h2><a href=\"https:\/\/www.virtusadvocats.com\/fr\/contacte\/\">Comment cr\u00e9er votre entreprise en Andorre?<\/a><\/h2>\n<h4 class=\"servei01\" style=\"text-align: justify;\"><em>La s\u00e9curit\u00e9 juridique est essentielle dans l'activit\u00e9 \u00e9conomique et, malheureusement, notre syst\u00e8me juridique et fiscal ne fournit pas toujours une r\u00e9ponse claire et sans \u00e9quivoque au d\u00e9veloppement des op\u00e9rations \u00e9conomiques, ce qui n\u00e9cessite des conseils appropri\u00e9s dans la planification des activit\u00e9s. Vital pour la cr\u00e9ation de votre entreprise en Andorre.<\/em><\/h4>\n<p class=\"servei02 text-center\" style=\"text-align: justify;\">Dans le m\u00eame temps, un fonctionnement soci\u00e9taire ad\u00e9quat repr\u00e9sente une garantie des droits des actionnaires et des tiers li\u00e9s \u00e0 la soci\u00e9t\u00e9.<\/p>\n<p>\n<\/div><div class=\"clear\"><\/div><\/div><div class=\"divider-wrapper\"  >\n    <hr class=\"unseparator border-default-color separator-no-padding\"  \/>\n<\/div>\n<div class=\"vc_custom_heading_wrap\"><div class=\"heading-text el-text\" ><\/p>\n<h2>Nos services<\/h2>\n<p>\n<\/div><div class=\"clear\"><\/div><\/div><div class=\"uncode_text_column\" ><\/p>\n<ul class=\"servei02\">\n<li style=\"text-align: justify;\">Demande d'investissement \u00e9tranger.<\/li>\n<li style=\"text-align: justify;\">R\u00e9daction de statuts.<\/li>\n<li style=\"text-align: justify;\">Constitution de la soci\u00e9t\u00e9 et cr\u00e9ation de la soci\u00e9t\u00e9 en Andorre.<\/li>\n<li style=\"text-align: justify;\">Modification des statuts.<\/li>\n<li style=\"text-align: justify;\">R\u00e9daction de proc\u00e8s-verbaux.<\/li>\n<li style=\"text-align: justify;\">Ouverture de commerce et ses modifications (transfert de domicile, changement de r\u00e9servation de nom commercial, changement de propri\u00e9taire\u2026)<\/li>\n<li style=\"text-align: justify;\">D\u00e9p\u00f4t de marques.<\/li>\n<li style=\"text-align: justify;\">Dissolution, liquidation et cessation d'activit\u00e9 de soci\u00e9t\u00e9s<\/li>\n<li style=\"text-align: justify;\">Recensement aupr\u00e8s de l'Agence fiscale.<\/li>\n<li style=\"text-align: justify;\">Obtention du TRN de la soci\u00e9t\u00e9.<\/li>\n<li style=\"text-align: justify;\">Demande d'exercice d'une profession qualifi\u00e9.<\/li>\n<li style=\"text-align: justify;\">Obtention et l\u00e9galisation de registre de proc\u00e8s-verbaux et d\u2019associ\u00e9s.<\/li>\n<li style=\"text-align: justify;\">Fermeture de commerce<\/li>\n<\/ul>\n<p>\n<\/div><\/div><\/div><\/div><\/div><\/div><script id=\"script-row-unique-1\" data-row=\"script-row-unique-1\" type=\"text\/javascript\" class=\"vc_controls\">UNCODE.initRow(document.getElementById(\"row-unique-1\"));<\/script><\/div><\/div><\/div><div data-parent=\"true\" class=\"vc_row row-container\" id=\"row-unique-2\"><div class=\"row-background background-element\">\n\t\t\t\t\t\t\t\t\t\t\t<div class=\"background-wrapper\">\n\t\t\t\t\t\t\t\t\t\t\t\t<div class=\"background-inner\" style=\"background-image: url(https:\/\/www.virtusadvocats.com\/wp-content\/uploads\/2020\/03\/calltoaction.jpg);background-repeat: no-repeat;background-position: center center;background-attachment: scroll;background-size: cover;\"><\/div>\n\t\t\t\t\t\t\t\t\t\t\t\t\n\t\t\t\t\t\t\t\t\t\t\t<\/div>\n\t\t\t\t\t\t\t\t\t\t<\/div><div class=\"row limit-width row-parent\" data-minheight=\"258\"><div class=\"wpb_row row-inner\"><div class=\"wpb_column pos-middle pos-center align_center column_parent col-lg-12 single-internal-gutter\"><div class=\"uncol style-spec style-dark\"  ><div class=\"uncoltable\"><div class=\"uncell no-block-padding\" ><div class=\"uncont\" ><div class=\"vc_custom_heading_wrap\"><div class=\"heading-text el-text\" ><\/p>\n<h2><span style=\"font-size: 12pt;\">POUR PLUS D'INFORMATIONS SUR LA CR\u00c9ATION D'UNE ENTREPRISE EN ANDORRE<\/span><\/h2>\n<p>\n<\/div><div class=\"clear\"><\/div><\/div><span class=\"btn-container\" ><a role=\"button\"  href=\"https:\/\/www.virtusadvocats.com\/fr\/contacte\/\" class=\"custom-link btn btn-xl border-width-0 btn-color-627511 btn-icon-left\" title=\"Contactez-nois\"><i class=\"fa fa-envelope-o\"><\/i>ENVIA&#8217;NS LA TEVA CONSULTA<\/a><\/span><\/div><\/div><\/div><\/div><\/div><script id=\"script-row-unique-2\" data-row=\"script-row-unique-2\" type=\"text\/javascript\" class=\"vc_controls\">UNCODE.initRow(document.getElementById(\"row-unique-2\"));<\/script><\/div><\/div><\/div>\n<\/div>","protected":false},"excerpt":{"rendered":"Mercantil i societari La seguretat legal i fiscal en les operacions econ\u00f2miques \u00e9s un element clau de competitivitat i aporta [...]","protected":false},"author":1,"featured_media":125,"parent":0,"menu_order":0,"comment_status":"closed","ping_status":"closed","template":"","meta":{"footnotes":""},"class_list":["post-76","page","type-page","status-publish","has-post-thumbnail","hentry"],"yoast_head":"<!-- This site is optimized with the Yoast SEO plugin v27.4 - https:\/\/yoast.com\/product\/yoast-seo-wordpress\/ -->\n<title>Mercantil i societari - Seguretat legal i fiscal - Virtus Advocats<\/title>\n<meta name=\"description\" content=\"Mercantil i societari. La seguretat legal i fiscal en les operacions econ\u00f2miques \u00e9s un element clau de competitivitat i aporta valor a les empreses.\" \/>\n<meta name=\"robots\" content=\"index, follow, max-snippet:-1, max-image-preview:large, max-video-preview:-1\" \/>\n<link rel=\"canonical\" href=\"https:\/\/www.virtusadvocats.com\/fr\/mercantil-i-societari\/\" \/>\n<meta property=\"og:locale\" content=\"fr_FR\" \/>\n<meta property=\"og:type\" content=\"article\" \/>\n<meta property=\"og:title\" content=\"Mercantil i societari - Seguretat legal i fiscal - Virtus Advocats\" \/>\n<meta property=\"og:description\" content=\"Mercantil i societari. La seguretat legal i fiscal en les operacions econ\u00f2miques \u00e9s un element clau de competitivitat i aporta valor a les empreses.\" \/>\n<meta property=\"og:url\" content=\"https:\/\/www.virtusadvocats.com\/fr\/mercantil-i-societari\/\" \/>\n<meta property=\"og:site_name\" content=\"Virtus Advocats\" \/>\n<meta property=\"article:modified_time\" content=\"2021-07-16T10:31:39+00:00\" \/>\n<meta property=\"og:image\" content=\"https:\/\/www.virtusadvocats.com\/wp-content\/uploads\/2020\/03\/virtus-mercantil.png\" \/>\n\t<meta property=\"og:image:width\" content=\"831\" \/>\n\t<meta property=\"og:image:height\" content=\"600\" \/>\n\t<meta property=\"og:image:type\" content=\"image\/png\" \/>\n<meta name=\"twitter:card\" content=\"summary_large_image\" \/>\n<meta name=\"twitter:label1\" content=\"Dur\u00e9e de lecture estim\u00e9e\" \/>\n\t<meta name=\"twitter:data1\" content=\"2 minutes\" \/>\n<script type=\"application\/ld+json\" class=\"yoast-schema-graph\">{\"@context\":\"https:\\\/\\\/schema.org\",\"@graph\":[{\"@type\":\"WebPage\",\"@id\":\"https:\\\/\\\/www.virtusadvocats.com\\\/mercantil-i-societari\\\/\",\"url\":\"https:\\\/\\\/www.virtusadvocats.com\\\/mercantil-i-societari\\\/\",\"name\":\"Mercantil i societari - Seguretat legal i fiscal - Virtus Advocats\",\"isPartOf\":{\"@id\":\"https:\\\/\\\/www.virtusadvocats.com\\\/#website\"},\"primaryImageOfPage\":{\"@id\":\"https:\\\/\\\/www.virtusadvocats.com\\\/mercantil-i-societari\\\/#primaryimage\"},\"image\":{\"@id\":\"https:\\\/\\\/www.virtusadvocats.com\\\/mercantil-i-societari\\\/#primaryimage\"},\"thumbnailUrl\":\"https:\\\/\\\/www.virtusadvocats.com\\\/wp-content\\\/uploads\\\/2020\\\/03\\\/virtus-mercantil.png\",\"datePublished\":\"2020-03-09T12:31:16+00:00\",\"dateModified\":\"2021-07-16T10:31:39+00:00\",\"description\":\"Mercantil i societari. La seguretat legal i fiscal en les operacions econ\u00f2miques \u00e9s un element clau de competitivitat i aporta valor a les empreses.\",\"breadcrumb\":{\"@id\":\"https:\\\/\\\/www.virtusadvocats.com\\\/mercantil-i-societari\\\/#breadcrumb\"},\"inLanguage\":\"fr-FR\",\"potentialAction\":[{\"@type\":\"ReadAction\",\"target\":[\"https:\\\/\\\/www.virtusadvocats.com\\\/mercantil-i-societari\\\/\"]}]},{\"@type\":\"ImageObject\",\"inLanguage\":\"fr-FR\",\"@id\":\"https:\\\/\\\/www.virtusadvocats.com\\\/mercantil-i-societari\\\/#primaryimage\",\"url\":\"https:\\\/\\\/www.virtusadvocats.com\\\/wp-content\\\/uploads\\\/2020\\\/03\\\/virtus-mercantil.png\",\"contentUrl\":\"https:\\\/\\\/www.virtusadvocats.com\\\/wp-content\\\/uploads\\\/2020\\\/03\\\/virtus-mercantil.png\",\"width\":831,\"height\":600,\"caption\":\"Virtus Mercantil\"},{\"@type\":\"BreadcrumbList\",\"@id\":\"https:\\\/\\\/www.virtusadvocats.com\\\/mercantil-i-societari\\\/#breadcrumb\",\"itemListElement\":[{\"@type\":\"ListItem\",\"position\":1,\"name\":\"Portada\",\"item\":\"https:\\\/\\\/www.virtusadvocats.com\\\/\"},{\"@type\":\"ListItem\",\"position\":2,\"name\":\"Mercantil i societari\"}]},{\"@type\":\"WebSite\",\"@id\":\"https:\\\/\\\/www.virtusadvocats.com\\\/#website\",\"url\":\"https:\\\/\\\/www.virtusadvocats.com\\\/\",\"name\":\"Virtus Advocats\",\"description\":\"Professionals del dret i de l&#039;economia\",\"publisher\":{\"@id\":\"https:\\\/\\\/www.virtusadvocats.com\\\/#organization\"},\"potentialAction\":[{\"@type\":\"SearchAction\",\"target\":{\"@type\":\"EntryPoint\",\"urlTemplate\":\"https:\\\/\\\/www.virtusadvocats.com\\\/?s={search_term_string}\"},\"query-input\":{\"@type\":\"PropertyValueSpecification\",\"valueRequired\":true,\"valueName\":\"search_term_string\"}}],\"inLanguage\":\"fr-FR\"},{\"@type\":\"Organization\",\"@id\":\"https:\\\/\\\/www.virtusadvocats.com\\\/#organization\",\"name\":\"Virtus Advocats\",\"url\":\"https:\\\/\\\/www.virtusadvocats.com\\\/\",\"logo\":{\"@type\":\"ImageObject\",\"inLanguage\":\"fr-FR\",\"@id\":\"https:\\\/\\\/www.virtusadvocats.com\\\/#\\\/schema\\\/logo\\\/image\\\/\",\"url\":\"https:\\\/\\\/www.virtusadvocats.com\\\/wp-content\\\/uploads\\\/2020\\\/04\\\/android-icon-192x192-1.png\",\"contentUrl\":\"https:\\\/\\\/www.virtusadvocats.com\\\/wp-content\\\/uploads\\\/2020\\\/04\\\/android-icon-192x192-1.png\",\"width\":192,\"height\":192,\"caption\":\"Virtus Advocats\"},\"image\":{\"@id\":\"https:\\\/\\\/www.virtusadvocats.com\\\/#\\\/schema\\\/logo\\\/image\\\/\"},\"sameAs\":[\"https:\\\/\\\/www.linkedin.com\\\/company\\\/virtus-advocats\\\/\"]}]}<\/script>\n<!-- \/ Yoast SEO plugin. -->","yoast_head_json":{"title":"Commercial et corporate - S\u00e9curit\u00e9 juridique et fiscale - Virtus Advocats","description":"Mercantil i societari. La seguretat legal i fiscal en les operacions econ\u00f2miques \u00e9s un element clau de competitivitat i aporta valor a les empreses.","robots":{"index":"index","follow":"follow","max-snippet":"max-snippet:-1","max-image-preview":"max-image-preview:large","max-video-preview":"max-video-preview:-1"},"canonical":"https:\/\/www.virtusadvocats.com\/fr\/mercantil-i-societari\/","og_locale":"fr_FR","og_type":"article","og_title":"Mercantil i societari - Seguretat legal i fiscal - Virtus Advocats","og_description":"Mercantil i societari. La seguretat legal i fiscal en les operacions econ\u00f2miques \u00e9s un element clau de competitivitat i aporta valor a les empreses.","og_url":"https:\/\/www.virtusadvocats.com\/fr\/mercantil-i-societari\/","og_site_name":"Virtus Advocats","article_modified_time":"2021-07-16T10:31:39+00:00","og_image":[{"width":831,"height":600,"url":"https:\/\/www.virtusadvocats.com\/wp-content\/uploads\/2020\/03\/virtus-mercantil.png","type":"image\/png"}],"twitter_card":"summary_large_image","twitter_misc":{"Dur\u00e9e de lecture estim\u00e9e":"2 minutes"},"schema":{"@context":"https:\/\/schema.org","@graph":[{"@type":"WebPage","@id":"https:\/\/www.virtusadvocats.com\/mercantil-i-societari\/","url":"https:\/\/www.virtusadvocats.com\/mercantil-i-societari\/","name":"Commercial et corporate - S\u00e9curit\u00e9 juridique et fiscale - Virtus Advocats","isPartOf":{"@id":"https:\/\/www.virtusadvocats.com\/#website"},"primaryImageOfPage":{"@id":"https:\/\/www.virtusadvocats.com\/mercantil-i-societari\/#primaryimage"},"image":{"@id":"https:\/\/www.virtusadvocats.com\/mercantil-i-societari\/#primaryimage"},"thumbnailUrl":"https:\/\/www.virtusadvocats.com\/wp-content\/uploads\/2020\/03\/virtus-mercantil.png","datePublished":"2020-03-09T12:31:16+00:00","dateModified":"2021-07-16T10:31:39+00:00","description":"Mercantil i societari. La seguretat legal i fiscal en les operacions econ\u00f2miques \u00e9s un element clau de competitivitat i aporta valor a les empreses.","breadcrumb":{"@id":"https:\/\/www.virtusadvocats.com\/mercantil-i-societari\/#breadcrumb"},"inLanguage":"fr-FR","potentialAction":[{"@type":"ReadAction","target":["https:\/\/www.virtusadvocats.com\/mercantil-i-societari\/"]}]},{"@type":"ImageObject","inLanguage":"fr-FR","@id":"https:\/\/www.virtusadvocats.com\/mercantil-i-societari\/#primaryimage","url":"https:\/\/www.virtusadvocats.com\/wp-content\/uploads\/2020\/03\/virtus-mercantil.png","contentUrl":"https:\/\/www.virtusadvocats.com\/wp-content\/uploads\/2020\/03\/virtus-mercantil.png","width":831,"height":600,"caption":"Virtus Mercantil"},{"@type":"BreadcrumbList","@id":"https:\/\/www.virtusadvocats.com\/mercantil-i-societari\/#breadcrumb","itemListElement":[{"@type":"ListItem","position":1,"name":"Portada","item":"https:\/\/www.virtusadvocats.com\/"},{"@type":"ListItem","position":2,"name":"Mercantil i societari"}]},{"@type":"WebSite","@id":"https:\/\/www.virtusadvocats.com\/#website","url":"https:\/\/www.virtusadvocats.com\/","name":"Virtus Advocats","description":"Professionals del dret i de l&#039;economia","publisher":{"@id":"https:\/\/www.virtusadvocats.com\/#organization"},"potentialAction":[{"@type":"SearchAction","target":{"@type":"EntryPoint","urlTemplate":"https:\/\/www.virtusadvocats.com\/?s={search_term_string}"},"query-input":{"@type":"PropertyValueSpecification","valueRequired":true,"valueName":"search_term_string"}}],"inLanguage":"fr-FR"},{"@type":"Organization","@id":"https:\/\/www.virtusadvocats.com\/#organization","name":"Virtus Advocats","url":"https:\/\/www.virtusadvocats.com\/","logo":{"@type":"ImageObject","inLanguage":"fr-FR","@id":"https:\/\/www.virtusadvocats.com\/#\/schema\/logo\/image\/","url":"https:\/\/www.virtusadvocats.com\/wp-content\/uploads\/2020\/04\/android-icon-192x192-1.png","contentUrl":"https:\/\/www.virtusadvocats.com\/wp-content\/uploads\/2020\/04\/android-icon-192x192-1.png","width":192,"height":192,"caption":"Virtus Advocats"},"image":{"@id":"https:\/\/www.virtusadvocats.com\/#\/schema\/logo\/image\/"},"sameAs":["https:\/\/www.linkedin.com\/company\/virtus-advocats\/"]}]}},"_links":{"self":[{"href":"https:\/\/www.virtusadvocats.com\/fr\/wp-json\/wp\/v2\/pages\/76","targetHints":{"allow":["GET"]}}],"collection":[{"href":"https:\/\/www.virtusadvocats.com\/fr\/wp-json\/wp\/v2\/pages"}],"about":[{"href":"https:\/\/www.virtusadvocats.com\/fr\/wp-json\/wp\/v2\/types\/page"}],"author":[{"embeddable":true,"href":"https:\/\/www.virtusadvocats.com\/fr\/wp-json\/wp\/v2\/users\/1"}],"replies":[{"embeddable":true,"href":"https:\/\/www.virtusadvocats.com\/fr\/wp-json\/wp\/v2\/comments?post=76"}],"version-history":[{"count":22,"href":"https:\/\/www.virtusadvocats.com\/fr\/wp-json\/wp\/v2\/pages\/76\/revisions"}],"predecessor-version":[{"id":1204,"href":"https:\/\/www.virtusadvocats.com\/fr\/wp-json\/wp\/v2\/pages\/76\/revisions\/1204"}],"wp:featuredmedia":[{"embeddable":true,"href":"https:\/\/www.virtusadvocats.com\/fr\/wp-json\/wp\/v2\/media\/125"}],"wp:attachment":[{"href":"https:\/\/www.virtusadvocats.com\/fr\/wp-json\/wp\/v2\/media?parent=76"}],"curies":[{"name":"wp","href":"https:\/\/api.w.org\/{rel}","templated":true}]}}